{"id":5072,"date":"2024-07-18T12:46:42","date_gmt":"2024-07-18T14:02:41","guid":{"rendered":"https:\/\/pianorolf.pl\/wordpress\/katalog\/das-neue-glaeserne-klavier-das-einzige-in-polen\/"},"modified":"2024-07-18T14:02:41","modified_gmt":"2024-07-18T14:02:41","slug":"das-neue-glaeserne-klavier-das-einzige-in-polen","status":"publish","type":"product","link":"https:\/\/pianorolf.pl\/de\/katalog\/das-neue-glaeserne-klavier-das-einzige-in-polen\/","title":{"rendered":"Das neue gl\u00e4serne Klavier &#8211; das einzige in Polen!"},"content":{"rendered":"","protected":false},"excerpt":{"rendered":"<p>Sehr elegantes neues CRYSTAL PIANO Klavier. Ein futuristisches und doch klassisches Klavier mit Hammermechanik in einem transparenten Geh\u00e4use. Ideal f\u00fcr moderne Innenr\u00e4ume. Das Instrument wurde k\u00fcrzlich auf der NAMM Show in Kalifornien vorgestellt. Polens einziges Glasklavier war auch in der Podkarpacka-Philharmonie in Rzesz\u00f3w zu sehen.<\/p>\n","protected":false},"featured_media":1722,"comment_status":"closed","ping_status":"closed","template":"","meta":[],"product_brand":[],"product_cat":[83],"product_tag":[],"class_list":{"0":"post-5072","1":"product","2":"type-product","3":"status-publish","4":"has-post-thumbnail","6":"product_cat-klaviere","8":"first","9":"instock","10":"shipping-taxable","11":"purchasable","12":"product-type-simple","13":"czr-hentry"},"_links":{"self":[{"href":"https:\/\/pianorolf.pl\/de\/wp-json\/wp\/v2\/product\/5072","targetHints":{"allow":["GET"]}}],"collection":[{"href":"https:\/\/pianorolf.pl\/de\/wp-json\/wp\/v2\/product"}],"about":[{"href":"https:\/\/pianorolf.pl\/de\/wp-json\/wp\/v2\/types\/product"}],"replies":[{"embeddable":true,"href":"https:\/\/pianorolf.pl\/de\/wp-json\/wp\/v2\/comments?post=5072"}],"wp:featuredmedia":[{"embeddable":true,"href":"https:\/\/pianorolf.pl\/de\/wp-json\/wp\/v2\/media\/1722"}],"wp:attachment":[{"href":"https:\/\/pianorolf.pl\/de\/wp-json\/wp\/v2\/media?parent=5072"}],"wp:term":[{"taxonomy":"product_brand","embeddable":true,"href":"https:\/\/pianorolf.pl\/de\/wp-json\/wp\/v2\/product_brand?post=5072"},{"taxonomy":"product_cat","embeddable":true,"href":"https:\/\/pianorolf.pl\/de\/wp-json\/wp\/v2\/product_cat?post=5072"},{"taxonomy":"product_tag","embeddable":true,"href":"https:\/\/pianorolf.pl\/de\/wp-json\/wp\/v2\/product_tag?post=5072"}],"curies":[{"name":"wp","href":"https:\/\/api.w.org\/{rel}","templated":true}]}}