{"id":4964,"date":"2024-07-17T15:41:09","date_gmt":"2024-07-17T22:10:01","guid":{"rendered":"https:\/\/pianorolf.pl\/wordpress\/katalog\/klavierbank-kirsche-satiniert\/"},"modified":"2024-07-17T22:10:01","modified_gmt":"2024-07-17T22:10:01","slug":"klavierbank-kirsche-satiniert","status":"publish","type":"product","link":"https:\/\/pianorolf.pl\/de\/katalog\/klavierbank-kirsche-satiniert\/","title":{"rendered":"Klavierbank, Kirsche satiniert"},"content":{"rendered":"","protected":false},"excerpt":{"rendered":"<p>Neue, preisg\u00fcnstige, stabile B\u00e4nke f\u00fcr Klaviere und Fl\u00fcgel in allen Holzfarben in guter Qualit\u00e4t. Hergestellt aus Holz, mit einem bequemen Sitz. Sehr bequeme Klavierb\u00e4nke mit H\u00f6henverstellung.<\/p>\n","protected":false},"featured_media":4909,"comment_status":"closed","ping_status":"closed","template":"","meta":[],"product_brand":[],"product_cat":[89],"product_tag":[],"class_list":{"0":"post-4964","1":"product","2":"type-product","3":"status-publish","4":"has-post-thumbnail","6":"product_cat-klavier-und-fluegelbaenke","8":"first","9":"instock","10":"shipping-taxable","11":"purchasable","12":"product-type-simple","13":"czr-hentry"},"_links":{"self":[{"href":"https:\/\/pianorolf.pl\/de\/wp-json\/wp\/v2\/product\/4964","targetHints":{"allow":["GET"]}}],"collection":[{"href":"https:\/\/pianorolf.pl\/de\/wp-json\/wp\/v2\/product"}],"about":[{"href":"https:\/\/pianorolf.pl\/de\/wp-json\/wp\/v2\/types\/product"}],"replies":[{"embeddable":true,"href":"https:\/\/pianorolf.pl\/de\/wp-json\/wp\/v2\/comments?post=4964"}],"wp:featuredmedia":[{"embeddable":true,"href":"https:\/\/pianorolf.pl\/de\/wp-json\/wp\/v2\/media\/4909"}],"wp:attachment":[{"href":"https:\/\/pianorolf.pl\/de\/wp-json\/wp\/v2\/media?parent=4964"}],"wp:term":[{"taxonomy":"product_brand","embeddable":true,"href":"https:\/\/pianorolf.pl\/de\/wp-json\/wp\/v2\/product_brand?post=4964"},{"taxonomy":"product_cat","embeddable":true,"href":"https:\/\/pianorolf.pl\/de\/wp-json\/wp\/v2\/product_cat?post=4964"},{"taxonomy":"product_tag","embeddable":true,"href":"https:\/\/pianorolf.pl\/de\/wp-json\/wp\/v2\/product_tag?post=4964"}],"curies":[{"name":"wp","href":"https:\/\/api.w.org\/{rel}","templated":true}]}}