{"id":4956,"date":"2024-07-17T15:32:41","date_gmt":"2024-07-17T22:00:27","guid":{"rendered":"https:\/\/pianorolf.pl\/wordpress\/katalog\/digitalpiano-vollstaendige-tastatur-88-midi-bluetooth\/"},"modified":"2024-07-17T22:00:27","modified_gmt":"2024-07-17T22:00:27","slug":"digitalpiano-vollstaendige-tastatur-88-midi-bluetooth","status":"publish","type":"product","link":"https:\/\/pianorolf.pl\/de\/katalog\/digitalpiano-vollstaendige-tastatur-88-midi-bluetooth\/","title":{"rendered":"Digitalpiano &#8211; vollst\u00e4ndige Tastatur 88 MIDI bluetooth"},"content":{"rendered":"","protected":false},"excerpt":{"rendered":"<p>Auf solchen professionellen tragbaren Klavieren kann man unterwegs, im Garten oder im Zug \u00fcben. Selbst Sch\u00fcler m\u00f6gen dieses Instrument, weil die Tastatur in Gr\u00f6\u00dfe und Spielweise einem echten klassischen Instrument \u00e4hnelt.<\/p>\n<ul>\n<li>88 Tasten<\/li>\n<li>Metronom<\/li>\n<li>Aufnahmefunktion<\/li>\n<li>Bluetooth, funktioniert mit Telefon, Tablet, iPad, Computer.<\/li>\n<li>ideal zum Schreiben von Noten, zum Blattspiel, zum Erlernen des Klavierspiels aus dem Internet<\/li>\n<li>5 Stunden Akkulaufzeit<\/li>\n<li>Kopfh\u00f6rer- und USB-Ausgang<\/li>\n<li>Fall<\/li>\n<\/ul>\n","protected":false},"featured_media":4882,"comment_status":"closed","ping_status":"closed","template":"","meta":[],"product_brand":[],"product_cat":[87],"product_tag":[],"class_list":{"0":"post-4956","1":"product","2":"type-product","3":"status-publish","4":"has-post-thumbnail","6":"product_cat-digitalpianos","8":"first","9":"instock","10":"shipping-taxable","11":"purchasable","12":"product-type-simple","13":"czr-hentry"},"_links":{"self":[{"href":"https:\/\/pianorolf.pl\/de\/wp-json\/wp\/v2\/product\/4956","targetHints":{"allow":["GET"]}}],"collection":[{"href":"https:\/\/pianorolf.pl\/de\/wp-json\/wp\/v2\/product"}],"about":[{"href":"https:\/\/pianorolf.pl\/de\/wp-json\/wp\/v2\/types\/product"}],"replies":[{"embeddable":true,"href":"https:\/\/pianorolf.pl\/de\/wp-json\/wp\/v2\/comments?post=4956"}],"wp:featuredmedia":[{"embeddable":true,"href":"https:\/\/pianorolf.pl\/de\/wp-json\/wp\/v2\/media\/4882"}],"wp:attachment":[{"href":"https:\/\/pianorolf.pl\/de\/wp-json\/wp\/v2\/media?parent=4956"}],"wp:term":[{"taxonomy":"product_brand","embeddable":true,"href":"https:\/\/pianorolf.pl\/de\/wp-json\/wp\/v2\/product_brand?post=4956"},{"taxonomy":"product_cat","embeddable":true,"href":"https:\/\/pianorolf.pl\/de\/wp-json\/wp\/v2\/product_cat?post=4956"},{"taxonomy":"product_tag","embeddable":true,"href":"https:\/\/pianorolf.pl\/de\/wp-json\/wp\/v2\/product_tag?post=4956"}],"curies":[{"name":"wp","href":"https:\/\/api.w.org\/{rel}","templated":true}]}}