{"id":4953,"date":"2024-07-17T15:20:59","date_gmt":"2024-07-17T21:54:47","guid":{"rendered":"https:\/\/pianorolf.pl\/wordpress\/katalog\/pianorolf-klavier-mit-yamaha-disklavier-system\/"},"modified":"2024-07-17T21:54:47","modified_gmt":"2024-07-17T21:54:47","slug":"pianorolf-klavier-mit-yamaha-disklavier-system","status":"publish","type":"product","link":"https:\/\/pianorolf.pl\/de\/katalog\/pianorolf-klavier-mit-yamaha-disklavier-system\/","title":{"rendered":"PianoRolf Klavier mit Yamaha DISKLAVIER System"},"content":{"rendered":"","protected":false},"excerpt":{"rendered":"<p>PianoRolf Klavier mit Yamaha DISKLAVIER System modernes selbstspielendes PIANODISC System gesteuert durch iPad, iPhone. PIANODISC mit Pr\u00e4zisionsmechanik, gute Mechanikkomponenten. Es ist ein sch\u00f6n klingendes Klavier, das die Stimmung gut h\u00e4lt und eine einwandfreie Mechanik hat. Unter garantierter Betreuung von Piano-Rolf. St\u00e4ndige Betreuung durch unseren Stimmer f\u00fcr Ihr Instrument! Zustand des Instruments &#8211; gebraucht sehr gut.<br \/>\nInstrument mit modernem Selbstspielsystem &#8211; auch mit Audio! Umfangreiche Bibliothek mit JAZZ-, POP- und CLASSIC-Titeln.<\/p>\n<p>ELO Xanadu Olivia Newton John:<br \/>\nhttps:\/\/youtu.be\/wsIEBs2HSnQ?feature=shared<\/p>\n","protected":false},"featured_media":4872,"comment_status":"closed","ping_status":"closed","template":"","meta":[],"product_brand":[],"product_cat":[82],"product_tag":[],"class_list":{"0":"post-4953","1":"product","2":"type-product","3":"status-publish","4":"has-post-thumbnail","6":"product_cat-fluegel","8":"first","9":"instock","10":"shipping-taxable","11":"purchasable","12":"product-type-simple","13":"czr-hentry"},"_links":{"self":[{"href":"https:\/\/pianorolf.pl\/de\/wp-json\/wp\/v2\/product\/4953","targetHints":{"allow":["GET"]}}],"collection":[{"href":"https:\/\/pianorolf.pl\/de\/wp-json\/wp\/v2\/product"}],"about":[{"href":"https:\/\/pianorolf.pl\/de\/wp-json\/wp\/v2\/types\/product"}],"replies":[{"embeddable":true,"href":"https:\/\/pianorolf.pl\/de\/wp-json\/wp\/v2\/comments?post=4953"}],"wp:featuredmedia":[{"embeddable":true,"href":"https:\/\/pianorolf.pl\/de\/wp-json\/wp\/v2\/media\/4872"}],"wp:attachment":[{"href":"https:\/\/pianorolf.pl\/de\/wp-json\/wp\/v2\/media?parent=4953"}],"wp:term":[{"taxonomy":"product_brand","embeddable":true,"href":"https:\/\/pianorolf.pl\/de\/wp-json\/wp\/v2\/product_brand?post=4953"},{"taxonomy":"product_cat","embeddable":true,"href":"https:\/\/pianorolf.pl\/de\/wp-json\/wp\/v2\/product_cat?post=4953"},{"taxonomy":"product_tag","embeddable":true,"href":"https:\/\/pianorolf.pl\/de\/wp-json\/wp\/v2\/product_tag?post=4953"}],"curies":[{"name":"wp","href":"https:\/\/api.w.org\/{rel}","templated":true}]}}