{"id":4951,"date":"2024-07-17T15:09:23","date_gmt":"2024-07-17T21:51:40","guid":{"rendered":"https:\/\/pianorolf.pl\/wordpress\/katalog\/hellas-klavier-finnland-farbe-rache-walnuss-dunkel\/"},"modified":"2024-07-17T21:51:40","modified_gmt":"2024-07-17T21:51:40","slug":"hellas-klavier-finnland-farbe-rache-walnuss-dunkel","status":"publish","type":"product","link":"https:\/\/pianorolf.pl\/de\/katalog\/hellas-klavier-finnland-farbe-rache-walnuss-dunkel\/","title":{"rendered":"HELLAS Klavier (Finnland) Farbe Rache, Walnuss dunkel"},"content":{"rendered":"","protected":false},"excerpt":{"rendered":"<p>HELLAS Klavier (Finnland) Farbe Rache &#8211; dunkles Nussbaumholz, mit Pr\u00e4zisionsmechanik und harter Tastatur. Klingt gro\u00dfartig. Unter garantierter Betreuung von Piano-Rolf. St\u00e4ndige Betreuung durch unseren Stimmer f\u00fcr Ihr Instrument! Zustand des Instruments &#8211; gebraucht sehr gut.<\/p>\n","protected":false},"featured_media":4868,"comment_status":"closed","ping_status":"closed","template":"","meta":[],"product_brand":[],"product_cat":[83],"product_tag":[],"class_list":{"0":"post-4951","1":"product","2":"type-product","3":"status-publish","4":"has-post-thumbnail","6":"product_cat-klaviere","8":"first","9":"instock","10":"shipping-taxable","11":"purchasable","12":"product-type-simple","13":"czr-hentry"},"_links":{"self":[{"href":"https:\/\/pianorolf.pl\/de\/wp-json\/wp\/v2\/product\/4951","targetHints":{"allow":["GET"]}}],"collection":[{"href":"https:\/\/pianorolf.pl\/de\/wp-json\/wp\/v2\/product"}],"about":[{"href":"https:\/\/pianorolf.pl\/de\/wp-json\/wp\/v2\/types\/product"}],"replies":[{"embeddable":true,"href":"https:\/\/pianorolf.pl\/de\/wp-json\/wp\/v2\/comments?post=4951"}],"wp:featuredmedia":[{"embeddable":true,"href":"https:\/\/pianorolf.pl\/de\/wp-json\/wp\/v2\/media\/4868"}],"wp:attachment":[{"href":"https:\/\/pianorolf.pl\/de\/wp-json\/wp\/v2\/media?parent=4951"}],"wp:term":[{"taxonomy":"product_brand","embeddable":true,"href":"https:\/\/pianorolf.pl\/de\/wp-json\/wp\/v2\/product_brand?post=4951"},{"taxonomy":"product_cat","embeddable":true,"href":"https:\/\/pianorolf.pl\/de\/wp-json\/wp\/v2\/product_cat?post=4951"},{"taxonomy":"product_tag","embeddable":true,"href":"https:\/\/pianorolf.pl\/de\/wp-json\/wp\/v2\/product_tag?post=4951"}],"curies":[{"name":"wp","href":"https:\/\/api.w.org\/{rel}","templated":true}]}}