{"id":4948,"date":"2024-07-17T15:03:57","date_gmt":"2024-07-17T21:49:34","guid":{"rendered":"https:\/\/pianorolf.pl\/wordpress\/katalog\/yamaha-e108-nussbaum-japan-5mln-klavier\/"},"modified":"2024-07-17T21:49:34","modified_gmt":"2024-07-17T21:49:34","slug":"yamaha-e108-nussbaum-japan-5mln-klavier","status":"publish","type":"product","link":"https:\/\/pianorolf.pl\/de\/katalog\/yamaha-e108-nussbaum-japan-5mln-klavier\/","title":{"rendered":"YAMAHA E108 Nussbaum Japan 5mln Klavier"},"content":{"rendered":"","protected":false},"excerpt":{"rendered":"<p>Japanisches YAMAHA-Klavier aus mattem Nussbaumholz mit Pr\u00e4zisionsmechanik und Originalh\u00e4mmern in ausgezeichnetem Zustand. Es ist ein kraftvolles und sch\u00f6n klingendes Klavier mit dem charakteristischen klassischen Klang japanischer Klaviere. Unter garantierter Betreuung von Piano-Rolf. St\u00e4ndige Betreuung durch unseren Stimmer f\u00fcr Ihr Instrument! Zustand des Instruments &#8211; gebraucht sehr gut. <\/p>\n","protected":false},"featured_media":4852,"comment_status":"closed","ping_status":"closed","template":"","meta":[],"product_brand":[],"product_cat":[83],"product_tag":[],"class_list":{"0":"post-4948","1":"product","2":"type-product","3":"status-publish","4":"has-post-thumbnail","6":"product_cat-klaviere","8":"first","9":"instock","10":"shipping-taxable","11":"purchasable","12":"product-type-simple","13":"czr-hentry"},"_links":{"self":[{"href":"https:\/\/pianorolf.pl\/de\/wp-json\/wp\/v2\/product\/4948","targetHints":{"allow":["GET"]}}],"collection":[{"href":"https:\/\/pianorolf.pl\/de\/wp-json\/wp\/v2\/product"}],"about":[{"href":"https:\/\/pianorolf.pl\/de\/wp-json\/wp\/v2\/types\/product"}],"replies":[{"embeddable":true,"href":"https:\/\/pianorolf.pl\/de\/wp-json\/wp\/v2\/comments?post=4948"}],"wp:featuredmedia":[{"embeddable":true,"href":"https:\/\/pianorolf.pl\/de\/wp-json\/wp\/v2\/media\/4852"}],"wp:attachment":[{"href":"https:\/\/pianorolf.pl\/de\/wp-json\/wp\/v2\/media?parent=4948"}],"wp:term":[{"taxonomy":"product_brand","embeddable":true,"href":"https:\/\/pianorolf.pl\/de\/wp-json\/wp\/v2\/product_brand?post=4948"},{"taxonomy":"product_cat","embeddable":true,"href":"https:\/\/pianorolf.pl\/de\/wp-json\/wp\/v2\/product_cat?post=4948"},{"taxonomy":"product_tag","embeddable":true,"href":"https:\/\/pianorolf.pl\/de\/wp-json\/wp\/v2\/product_tag?post=4948"}],"curies":[{"name":"wp","href":"https:\/\/api.w.org\/{rel}","templated":true}]}}