{"id":4944,"date":"2024-07-17T14:58:28","date_gmt":"2024-07-17T21:47:10","guid":{"rendered":"https:\/\/pianorolf.pl\/wordpress\/katalog\/kawai-kua2-artist-edition-klavier\/"},"modified":"2024-07-17T21:47:10","modified_gmt":"2024-07-17T21:47:10","slug":"kawai-kua2-artist-edition-klavier","status":"publish","type":"product","link":"https:\/\/pianorolf.pl\/de\/katalog\/kawai-kua2-artist-edition-klavier\/","title":{"rendered":"KAWAI KUA2 Artist Edition Klavier"},"content":{"rendered":"","protected":false},"excerpt":{"rendered":"<p>Japanisches KAWAI KUA2 Artist Edition Klavier, gl\u00e4nzend schwarz, Polyester mit Pr\u00e4zisionsmechanik, Originalh\u00e4mmer in ausgezeichnetem Zustand. Es ist ein kraftvolles und sch\u00f6n klingendes Klavier mit dem charakteristischen klassischen Klang japanischer Klaviere. Unter garantierter Betreuung von Piano-Rolf. St\u00e4ndige Betreuung durch unseren Stimmer f\u00fcr Ihr Instrument! Zustand des Instruments &#8211; gebraucht sehr gut.<\/p>\n","protected":false},"featured_media":4833,"comment_status":"closed","ping_status":"closed","template":"","meta":[],"product_brand":[],"product_cat":[83],"product_tag":[],"class_list":{"0":"post-4944","1":"product","2":"type-product","3":"status-publish","4":"has-post-thumbnail","6":"product_cat-klaviere","8":"first","9":"instock","10":"shipping-taxable","11":"purchasable","12":"product-type-simple","13":"czr-hentry"},"_links":{"self":[{"href":"https:\/\/pianorolf.pl\/de\/wp-json\/wp\/v2\/product\/4944","targetHints":{"allow":["GET"]}}],"collection":[{"href":"https:\/\/pianorolf.pl\/de\/wp-json\/wp\/v2\/product"}],"about":[{"href":"https:\/\/pianorolf.pl\/de\/wp-json\/wp\/v2\/types\/product"}],"replies":[{"embeddable":true,"href":"https:\/\/pianorolf.pl\/de\/wp-json\/wp\/v2\/comments?post=4944"}],"wp:featuredmedia":[{"embeddable":true,"href":"https:\/\/pianorolf.pl\/de\/wp-json\/wp\/v2\/media\/4833"}],"wp:attachment":[{"href":"https:\/\/pianorolf.pl\/de\/wp-json\/wp\/v2\/media?parent=4944"}],"wp:term":[{"taxonomy":"product_brand","embeddable":true,"href":"https:\/\/pianorolf.pl\/de\/wp-json\/wp\/v2\/product_brand?post=4944"},{"taxonomy":"product_cat","embeddable":true,"href":"https:\/\/pianorolf.pl\/de\/wp-json\/wp\/v2\/product_cat?post=4944"},{"taxonomy":"product_tag","embeddable":true,"href":"https:\/\/pianorolf.pl\/de\/wp-json\/wp\/v2\/product_tag?post=4944"}],"curies":[{"name":"wp","href":"https:\/\/api.w.org\/{rel}","templated":true}]}}