{"id":4939,"date":"2024-07-17T14:43:04","date_gmt":"2024-07-17T21:07:09","guid":{"rendered":"https:\/\/pianorolf.pl\/wordpress\/katalog\/fluegel-fazer-finnland-farbe-satin-walnuss\/"},"modified":"2024-07-17T21:07:09","modified_gmt":"2024-07-17T21:07:09","slug":"fluegel-fazer-finnland-farbe-satin-walnuss","status":"publish","type":"product","link":"https:\/\/pianorolf.pl\/de\/katalog\/fluegel-fazer-finnland-farbe-satin-walnuss\/","title":{"rendered":"Fl\u00fcgel FAZER Finnland Farbe Satin Walnuss"},"content":{"rendered":"","protected":false},"excerpt":{"rendered":"<p>Junges, elegantes und modernes FAZER Klavier aus Finnland mit Pr\u00e4zisionsmechanik in satiniertem Nussbaum, gute Mechanikkomponenten. Es ist ein sch\u00f6n klingendes Klavier, das die Stimmung gut h\u00e4lt und eine einwandfreie Mechanik hat. Unter garantierter Betreuung von Piano-Rolf. Sta\u0142\u0105 opieka naszego stroiciela nad instrumentem! Zustand des Instruments &#8211; gebraucht sehr gut.<\/p>\n","protected":false},"featured_media":4812,"comment_status":"closed","ping_status":"closed","template":"","meta":[],"product_brand":[],"product_cat":[83],"product_tag":[],"class_list":{"0":"post-4939","1":"product","2":"type-product","3":"status-publish","4":"has-post-thumbnail","6":"product_cat-klaviere","8":"first","9":"instock","10":"shipping-taxable","11":"purchasable","12":"product-type-simple","13":"czr-hentry"},"_links":{"self":[{"href":"https:\/\/pianorolf.pl\/de\/wp-json\/wp\/v2\/product\/4939","targetHints":{"allow":["GET"]}}],"collection":[{"href":"https:\/\/pianorolf.pl\/de\/wp-json\/wp\/v2\/product"}],"about":[{"href":"https:\/\/pianorolf.pl\/de\/wp-json\/wp\/v2\/types\/product"}],"replies":[{"embeddable":true,"href":"https:\/\/pianorolf.pl\/de\/wp-json\/wp\/v2\/comments?post=4939"}],"wp:featuredmedia":[{"embeddable":true,"href":"https:\/\/pianorolf.pl\/de\/wp-json\/wp\/v2\/media\/4812"}],"wp:attachment":[{"href":"https:\/\/pianorolf.pl\/de\/wp-json\/wp\/v2\/media?parent=4939"}],"wp:term":[{"taxonomy":"product_brand","embeddable":true,"href":"https:\/\/pianorolf.pl\/de\/wp-json\/wp\/v2\/product_brand?post=4939"},{"taxonomy":"product_cat","embeddable":true,"href":"https:\/\/pianorolf.pl\/de\/wp-json\/wp\/v2\/product_cat?post=4939"},{"taxonomy":"product_tag","embeddable":true,"href":"https:\/\/pianorolf.pl\/de\/wp-json\/wp\/v2\/product_tag?post=4939"}],"curies":[{"name":"wp","href":"https:\/\/api.w.org\/{rel}","templated":true}]}}