{"id":4931,"date":"2024-07-17T14:17:27","date_gmt":"2024-07-17T20:42:15","guid":{"rendered":"https:\/\/pianorolf.pl\/wordpress\/katalog\/wesberg-su121d-qualitaet-yamaha-u1-klavier\/"},"modified":"2024-07-17T20:42:15","modified_gmt":"2024-07-17T20:42:15","slug":"wesberg-su121d-qualitaet-yamaha-u1-klavier","status":"publish","type":"product","link":"https:\/\/pianorolf.pl\/de\/katalog\/wesberg-su121d-qualitaet-yamaha-u1-klavier\/","title":{"rendered":"WESBERG SU121D Qualit\u00e4t Yamaha u1 Klavier"},"content":{"rendered":"","protected":false},"excerpt":{"rendered":"<p>WESBERG SU121D Klavier &#8211; Herstellungsland: S\u00fcdkorea, Seriennummer ISJ00182, Farbe schwarz. Gute Elemente des Mechanismus. Es ist ein sch\u00f6n klingendes Klavier, das die Stimmung gut h\u00e4lt und eine einwandfreie Mechanik hat. Qualit\u00e4t, Verarbeitung, Aussehen und H\u00f6he &#8211; wie der Yamaha U1. Unter garantierter Betreuung von Piano-Rolf. St\u00e4ndige Betreuung durch unseren Stimmer f\u00fcr Ihr Instrument! Zustand des Instruments &#8211; gebraucht sehr gut.<\/p>\n","protected":false},"featured_media":4786,"comment_status":"closed","ping_status":"closed","template":"","meta":[],"product_brand":[],"product_cat":[83],"product_tag":[],"class_list":{"0":"post-4931","1":"product","2":"type-product","3":"status-publish","4":"has-post-thumbnail","6":"product_cat-klaviere","8":"first","9":"instock","10":"shipping-taxable","11":"purchasable","12":"product-type-simple","13":"czr-hentry"},"_links":{"self":[{"href":"https:\/\/pianorolf.pl\/de\/wp-json\/wp\/v2\/product\/4931","targetHints":{"allow":["GET"]}}],"collection":[{"href":"https:\/\/pianorolf.pl\/de\/wp-json\/wp\/v2\/product"}],"about":[{"href":"https:\/\/pianorolf.pl\/de\/wp-json\/wp\/v2\/types\/product"}],"replies":[{"embeddable":true,"href":"https:\/\/pianorolf.pl\/de\/wp-json\/wp\/v2\/comments?post=4931"}],"wp:featuredmedia":[{"embeddable":true,"href":"https:\/\/pianorolf.pl\/de\/wp-json\/wp\/v2\/media\/4786"}],"wp:attachment":[{"href":"https:\/\/pianorolf.pl\/de\/wp-json\/wp\/v2\/media?parent=4931"}],"wp:term":[{"taxonomy":"product_brand","embeddable":true,"href":"https:\/\/pianorolf.pl\/de\/wp-json\/wp\/v2\/product_brand?post=4931"},{"taxonomy":"product_cat","embeddable":true,"href":"https:\/\/pianorolf.pl\/de\/wp-json\/wp\/v2\/product_cat?post=4931"},{"taxonomy":"product_tag","embeddable":true,"href":"https:\/\/pianorolf.pl\/de\/wp-json\/wp\/v2\/product_tag?post=4931"}],"curies":[{"name":"wp","href":"https:\/\/api.w.org\/{rel}","templated":true}]}}