{"id":4923,"date":"2024-07-17T13:34:10","date_gmt":"2024-07-17T20:11:10","guid":{"rendered":"https:\/\/pianorolf.pl\/wordpress\/katalog\/aspheim-klavierweiss-glaenzend\/"},"modified":"2024-07-17T20:11:10","modified_gmt":"2024-07-17T20:11:10","slug":"aspheim-klavierweiss-glaenzend","status":"publish","type":"product","link":"https:\/\/pianorolf.pl\/de\/katalog\/aspheim-klavierweiss-glaenzend\/","title":{"rendered":"Aspheim klavierwei\u00df gl\u00e4nzend"},"content":{"rendered":"","protected":false},"excerpt":{"rendered":"<p>Aspheim Klavierfarbe wei\u00df gl\u00e4nzend mit Pr\u00e4zisionsmechanik, gute Mechanikkomponenten. Es ist ein sch\u00f6n klingendes Klavier, das die Stimmung gut h\u00e4lt und eine einwandfreie Mechanik hat. Unter garantierter Betreuung von Piano-Rolf. St\u00e4ndige Betreuung durch unseren Stimmer f\u00fcr Ihr Instrument! Zustand des Instruments &#8211; gebraucht sehr gut.<\/p>\n","protected":false},"featured_media":4748,"comment_status":"closed","ping_status":"closed","template":"","meta":[],"product_brand":[],"product_cat":[83],"product_tag":[],"class_list":{"0":"post-4923","1":"product","2":"type-product","3":"status-publish","4":"has-post-thumbnail","6":"product_cat-klaviere","8":"first","9":"instock","10":"shipping-taxable","11":"purchasable","12":"product-type-simple","13":"czr-hentry"},"_links":{"self":[{"href":"https:\/\/pianorolf.pl\/de\/wp-json\/wp\/v2\/product\/4923","targetHints":{"allow":["GET"]}}],"collection":[{"href":"https:\/\/pianorolf.pl\/de\/wp-json\/wp\/v2\/product"}],"about":[{"href":"https:\/\/pianorolf.pl\/de\/wp-json\/wp\/v2\/types\/product"}],"replies":[{"embeddable":true,"href":"https:\/\/pianorolf.pl\/de\/wp-json\/wp\/v2\/comments?post=4923"}],"wp:featuredmedia":[{"embeddable":true,"href":"https:\/\/pianorolf.pl\/de\/wp-json\/wp\/v2\/media\/4748"}],"wp:attachment":[{"href":"https:\/\/pianorolf.pl\/de\/wp-json\/wp\/v2\/media?parent=4923"}],"wp:term":[{"taxonomy":"product_brand","embeddable":true,"href":"https:\/\/pianorolf.pl\/de\/wp-json\/wp\/v2\/product_brand?post=4923"},{"taxonomy":"product_cat","embeddable":true,"href":"https:\/\/pianorolf.pl\/de\/wp-json\/wp\/v2\/product_cat?post=4923"},{"taxonomy":"product_tag","embeddable":true,"href":"https:\/\/pianorolf.pl\/de\/wp-json\/wp\/v2\/product_tag?post=4923"}],"curies":[{"name":"wp","href":"https:\/\/api.w.org\/{rel}","templated":true}]}}