{"id":4921,"date":"2024-07-17T13:29:14","date_gmt":"2024-07-17T19:05:05","guid":{"rendered":"https:\/\/pianorolf.pl\/wordpress\/katalog\/ritmueller-deutsches-klavier-dunkel-nussbaum\/"},"modified":"2024-07-17T20:09:06","modified_gmt":"2024-07-17T20:09:06","slug":"ritmueller-deutsches-klavier-dunkel-nussbaum","status":"publish","type":"product","link":"https:\/\/pianorolf.pl\/de\/katalog\/ritmueller-deutsches-klavier-dunkel-nussbaum\/","title":{"rendered":"RITMUELLER Deutsches Klavier dunkel Nussbaum"},"content":{"rendered":"","protected":false},"excerpt":{"rendered":"<p>Originales deutsches RITMUELLER Klavier aus dunklem Nussbaumholz mit Pr\u00e4zisionsmechanik und harter Tastatur. Klingt gro\u00dfartig. Unter garantierter Betreuung von Piano-Rolf. St\u00e4ndige Betreuung durch unseren Stimmer f\u00fcr Ihr Instrument! Zustand des Instruments &#8211; gebraucht sehr gut nach einer General\u00fcberholung, wie neu. <\/p>\n","protected":false},"featured_media":4728,"comment_status":"closed","ping_status":"closed","template":"","meta":[],"product_brand":[],"product_cat":[83],"product_tag":[],"class_list":{"0":"post-4921","1":"product","2":"type-product","3":"status-publish","4":"has-post-thumbnail","6":"product_cat-klaviere","8":"first","9":"instock","10":"shipping-taxable","11":"purchasable","12":"product-type-simple","13":"czr-hentry"},"_links":{"self":[{"href":"https:\/\/pianorolf.pl\/de\/wp-json\/wp\/v2\/product\/4921","targetHints":{"allow":["GET"]}}],"collection":[{"href":"https:\/\/pianorolf.pl\/de\/wp-json\/wp\/v2\/product"}],"about":[{"href":"https:\/\/pianorolf.pl\/de\/wp-json\/wp\/v2\/types\/product"}],"replies":[{"embeddable":true,"href":"https:\/\/pianorolf.pl\/de\/wp-json\/wp\/v2\/comments?post=4921"}],"wp:featuredmedia":[{"embeddable":true,"href":"https:\/\/pianorolf.pl\/de\/wp-json\/wp\/v2\/media\/4728"}],"wp:attachment":[{"href":"https:\/\/pianorolf.pl\/de\/wp-json\/wp\/v2\/media?parent=4921"}],"wp:term":[{"taxonomy":"product_brand","embeddable":true,"href":"https:\/\/pianorolf.pl\/de\/wp-json\/wp\/v2\/product_brand?post=4921"},{"taxonomy":"product_cat","embeddable":true,"href":"https:\/\/pianorolf.pl\/de\/wp-json\/wp\/v2\/product_cat?post=4921"},{"taxonomy":"product_tag","embeddable":true,"href":"https:\/\/pianorolf.pl\/de\/wp-json\/wp\/v2\/product_tag?post=4921"}],"curies":[{"name":"wp","href":"https:\/\/api.w.org\/{rel}","templated":true}]}}