{"id":4916,"date":"2024-07-17T13:16:04","date_gmt":"2024-07-17T18:53:06","guid":{"rendered":"https:\/\/pianorolf.pl\/wordpress\/katalog\/yamaha-u1-klavier-serie-5-millionen-japan\/"},"modified":"2024-07-17T18:54:01","modified_gmt":"2024-07-17T18:54:01","slug":"yamaha-u1-klavier-serie-5-millionen-japan","status":"publish","type":"product","link":"https:\/\/pianorolf.pl\/de\/katalog\/yamaha-u1-klavier-serie-5-millionen-japan\/","title":{"rendered":"YAMAHA U1 Klavier Serie 5 Millionen! Japan"},"content":{"rendered":"","protected":false},"excerpt":{"rendered":"<p>Japanisches Klavier YAMAHA U1F, gl\u00e4nzende schwarze Farbe, Polyester, mit Pr\u00e4zisionsmechanik, original, in gutem Zustand Hammerh\u00e4mmer, Dies ist eine junge (Serie 5 Millionen) 1995&#8242;. Ein kraftvolles und sch\u00f6n klingendes Klavier mit dem charakteristischen klassischen Klang japanischer Klaviere. Unter garantierter Betreuung von Piano-Rolf. St\u00e4ndige Betreuung durch unseren Stimmer f\u00fcr Ihr Instrument! Zustand des Instruments &#8211; gebraucht sehr gut.<\/p>\n","protected":false},"featured_media":4720,"comment_status":"closed","ping_status":"closed","template":"","meta":[],"product_brand":[],"product_cat":[83],"product_tag":[],"class_list":{"0":"post-4916","1":"product","2":"type-product","3":"status-publish","4":"has-post-thumbnail","6":"product_cat-klaviere","8":"first","9":"instock","10":"shipping-taxable","11":"purchasable","12":"product-type-simple","13":"czr-hentry"},"_links":{"self":[{"href":"https:\/\/pianorolf.pl\/de\/wp-json\/wp\/v2\/product\/4916","targetHints":{"allow":["GET"]}}],"collection":[{"href":"https:\/\/pianorolf.pl\/de\/wp-json\/wp\/v2\/product"}],"about":[{"href":"https:\/\/pianorolf.pl\/de\/wp-json\/wp\/v2\/types\/product"}],"replies":[{"embeddable":true,"href":"https:\/\/pianorolf.pl\/de\/wp-json\/wp\/v2\/comments?post=4916"}],"wp:featuredmedia":[{"embeddable":true,"href":"https:\/\/pianorolf.pl\/de\/wp-json\/wp\/v2\/media\/4720"}],"wp:attachment":[{"href":"https:\/\/pianorolf.pl\/de\/wp-json\/wp\/v2\/media?parent=4916"}],"wp:term":[{"taxonomy":"product_brand","embeddable":true,"href":"https:\/\/pianorolf.pl\/de\/wp-json\/wp\/v2\/product_brand?post=4916"},{"taxonomy":"product_cat","embeddable":true,"href":"https:\/\/pianorolf.pl\/de\/wp-json\/wp\/v2\/product_cat?post=4916"},{"taxonomy":"product_tag","embeddable":true,"href":"https:\/\/pianorolf.pl\/de\/wp-json\/wp\/v2\/product_tag?post=4916"}],"curies":[{"name":"wp","href":"https:\/\/api.w.org\/{rel}","templated":true}]}}