{"id":4913,"date":"2024-07-17T13:06:25","date_gmt":"2024-07-17T16:13:31","guid":{"rendered":"https:\/\/pianorolf.pl\/wordpress\/katalog\/yamaha-u1-silent-japanisches-klavier-glaenzend-schwarz\/"},"modified":"2024-07-17T16:13:31","modified_gmt":"2024-07-17T16:13:31","slug":"yamaha-u1-silent-japanisches-klavier-glaenzend-schwarz","status":"publish","type":"product","link":"https:\/\/pianorolf.pl\/de\/katalog\/yamaha-u1-silent-japanisches-klavier-glaenzend-schwarz\/","title":{"rendered":"YAMAHA U1 SILENT Japanisches Klavier gl\u00e4nzend schwarz"},"content":{"rendered":"","protected":false},"excerpt":{"rendered":"<p>Japanisches Klavier YAMAHA U1 SILENT gl\u00e4nzend schwarz, Polyester mit Pr\u00e4zisionsmechanik, Originalh\u00e4mmer in sehr gutem Zustand. Es ist ein kraftvolles, 131 cm langes Klavier mit dem charakteristischen klassischen Klang der japanischen Klaviere. Unter garantierter Betreuung von Piano-Rolf. St\u00e4ndige Betreuung durch unseren Stimmer f\u00fcr Ihr Instrument! Zustand des Instruments &#8211; gebraucht sehr gut.<\/p>\n","protected":false},"featured_media":4704,"comment_status":"closed","ping_status":"closed","template":"","meta":[],"product_brand":[],"product_cat":[83],"product_tag":[],"class_list":{"0":"post-4913","1":"product","2":"type-product","3":"status-publish","4":"has-post-thumbnail","6":"product_cat-klaviere","8":"first","9":"instock","10":"shipping-taxable","11":"purchasable","12":"product-type-simple","13":"czr-hentry"},"_links":{"self":[{"href":"https:\/\/pianorolf.pl\/de\/wp-json\/wp\/v2\/product\/4913","targetHints":{"allow":["GET"]}}],"collection":[{"href":"https:\/\/pianorolf.pl\/de\/wp-json\/wp\/v2\/product"}],"about":[{"href":"https:\/\/pianorolf.pl\/de\/wp-json\/wp\/v2\/types\/product"}],"replies":[{"embeddable":true,"href":"https:\/\/pianorolf.pl\/de\/wp-json\/wp\/v2\/comments?post=4913"}],"wp:featuredmedia":[{"embeddable":true,"href":"https:\/\/pianorolf.pl\/de\/wp-json\/wp\/v2\/media\/4704"}],"wp:attachment":[{"href":"https:\/\/pianorolf.pl\/de\/wp-json\/wp\/v2\/media?parent=4913"}],"wp:term":[{"taxonomy":"product_brand","embeddable":true,"href":"https:\/\/pianorolf.pl\/de\/wp-json\/wp\/v2\/product_brand?post=4913"},{"taxonomy":"product_cat","embeddable":true,"href":"https:\/\/pianorolf.pl\/de\/wp-json\/wp\/v2\/product_cat?post=4913"},{"taxonomy":"product_tag","embeddable":true,"href":"https:\/\/pianorolf.pl\/de\/wp-json\/wp\/v2\/product_tag?post=4913"}],"curies":[{"name":"wp","href":"https:\/\/api.w.org\/{rel}","templated":true}]}}