{"id":4608,"date":"2024-07-17T11:15:47","date_gmt":"2024-07-17T11:17:56","guid":{"rendered":"https:\/\/pianorolf.pl\/wordpress\/katalog\/yamaha-c-108-98-klavier-aus-japan\/"},"modified":"2024-07-17T11:17:56","modified_gmt":"2024-07-17T11:17:56","slug":"yamaha-c-108-98-klavier-aus-japan","status":"publish","type":"product","link":"https:\/\/pianorolf.pl\/de\/katalog\/yamaha-c-108-98-klavier-aus-japan\/","title":{"rendered":"YAMAHA C-108 98&#8242; Klavier aus Japan"},"content":{"rendered":"","protected":false},"excerpt":{"rendered":"<p>YAMAHA C-108 98&#8242; Klavier, Farbe schwarz gl\u00e4nzend, mit japanischer Mechanik, mit 24 Monaten Garantie von Piano-Rolf. St\u00e4ndige Betreuung durch unseren Stimmer f\u00fcr Ihr Instrument! Zustand des Instruments &#8211; gebraucht gut.<\/p>\n","protected":false},"featured_media":4606,"comment_status":"closed","ping_status":"closed","template":"","meta":[],"product_brand":[],"product_cat":[83],"product_tag":[],"class_list":{"0":"post-4608","1":"product","2":"type-product","3":"status-publish","4":"has-post-thumbnail","6":"product_cat-klaviere","8":"first","9":"instock","10":"shipping-taxable","11":"purchasable","12":"product-type-simple","13":"czr-hentry"},"_links":{"self":[{"href":"https:\/\/pianorolf.pl\/de\/wp-json\/wp\/v2\/product\/4608","targetHints":{"allow":["GET"]}}],"collection":[{"href":"https:\/\/pianorolf.pl\/de\/wp-json\/wp\/v2\/product"}],"about":[{"href":"https:\/\/pianorolf.pl\/de\/wp-json\/wp\/v2\/types\/product"}],"replies":[{"embeddable":true,"href":"https:\/\/pianorolf.pl\/de\/wp-json\/wp\/v2\/comments?post=4608"}],"wp:featuredmedia":[{"embeddable":true,"href":"https:\/\/pianorolf.pl\/de\/wp-json\/wp\/v2\/media\/4606"}],"wp:attachment":[{"href":"https:\/\/pianorolf.pl\/de\/wp-json\/wp\/v2\/media?parent=4608"}],"wp:term":[{"taxonomy":"product_brand","embeddable":true,"href":"https:\/\/pianorolf.pl\/de\/wp-json\/wp\/v2\/product_brand?post=4608"},{"taxonomy":"product_cat","embeddable":true,"href":"https:\/\/pianorolf.pl\/de\/wp-json\/wp\/v2\/product_cat?post=4608"},{"taxonomy":"product_tag","embeddable":true,"href":"https:\/\/pianorolf.pl\/de\/wp-json\/wp\/v2\/product_tag?post=4608"}],"curies":[{"name":"wp","href":"https:\/\/api.w.org\/{rel}","templated":true}]}}