{"id":4602,"date":"2024-07-17T11:08:52","date_gmt":"2024-07-17T11:13:47","guid":{"rendered":"https:\/\/pianorolf.pl\/wordpress\/katalog\/modernes-klavieroriginal-ritmuller\/"},"modified":"2024-07-17T14:10:58","modified_gmt":"2024-07-17T14:10:58","slug":"modernes-klavieroriginal-ritmuller","status":"publish","type":"product","link":"https:\/\/pianorolf.pl\/de\/katalog\/modernes-klavieroriginal-ritmuller\/","title":{"rendered":"Modernes Klavieroriginal RITMULLER"},"content":{"rendered":"","protected":false},"excerpt":{"rendered":"<p>Klavier der deutschen Traditionsmarke RITM\u00dcLLER, Farbe Polyester schwarz gl\u00e4nzend. Klavier mit Pr\u00e4zisionsmechanik. Es ist ein Klavier vom Hersteller f\u00fcr, unter anderem: Yamaha Modell U-121. Kraftvoll klingend. Unter garantierter Betreuung von Piano-Rolf. St\u00e4ndige Betreuung durch unseren Stimmer f\u00fcr Ihr Instrument! Zustand des Instruments &#8211; gebraucht sehr gut.<\/p>\n","protected":false},"featured_media":4597,"comment_status":"closed","ping_status":"closed","template":"","meta":[],"product_brand":[],"product_cat":[83],"product_tag":[],"class_list":{"0":"post-4602","1":"product","2":"type-product","3":"status-publish","4":"has-post-thumbnail","6":"product_cat-klaviere","8":"first","9":"instock","10":"shipping-taxable","11":"purchasable","12":"product-type-simple","13":"czr-hentry"},"_links":{"self":[{"href":"https:\/\/pianorolf.pl\/de\/wp-json\/wp\/v2\/product\/4602","targetHints":{"allow":["GET"]}}],"collection":[{"href":"https:\/\/pianorolf.pl\/de\/wp-json\/wp\/v2\/product"}],"about":[{"href":"https:\/\/pianorolf.pl\/de\/wp-json\/wp\/v2\/types\/product"}],"replies":[{"embeddable":true,"href":"https:\/\/pianorolf.pl\/de\/wp-json\/wp\/v2\/comments?post=4602"}],"wp:featuredmedia":[{"embeddable":true,"href":"https:\/\/pianorolf.pl\/de\/wp-json\/wp\/v2\/media\/4597"}],"wp:attachment":[{"href":"https:\/\/pianorolf.pl\/de\/wp-json\/wp\/v2\/media?parent=4602"}],"wp:term":[{"taxonomy":"product_brand","embeddable":true,"href":"https:\/\/pianorolf.pl\/de\/wp-json\/wp\/v2\/product_brand?post=4602"},{"taxonomy":"product_cat","embeddable":true,"href":"https:\/\/pianorolf.pl\/de\/wp-json\/wp\/v2\/product_cat?post=4602"},{"taxonomy":"product_tag","embeddable":true,"href":"https:\/\/pianorolf.pl\/de\/wp-json\/wp\/v2\/product_tag?post=4602"}],"curies":[{"name":"wp","href":"https:\/\/api.w.org\/{rel}","templated":true}]}}