{"id":4593,"date":"2024-07-17T10:53:35","date_gmt":"2024-07-17T11:06:30","guid":{"rendered":"https:\/\/pianorolf.pl\/wordpress\/katalog\/modernes-klavier-ritmueller-up120r3\/"},"modified":"2024-07-17T14:10:56","modified_gmt":"2024-07-17T14:10:56","slug":"modernes-klavier-ritmueller-up120r3","status":"publish","type":"product","link":"https:\/\/pianorolf.pl\/de\/katalog\/modernes-klavier-ritmueller-up120r3\/","title":{"rendered":"Modernes Klavier RITMUELLER UP120R3"},"content":{"rendered":"","protected":false},"excerpt":{"rendered":"<p>Modernes Klavier RITMUELLER UP120R3, Farbe schwarz gl\u00e4nzend. Klavier mit Pr\u00e4zisionsmechanik. Unter garantierter Betreuung von Piano-Rolf. St\u00e4ndige Betreuung durch unseren Stimmer f\u00fcr Ihr Instrument! Zustand des Instruments &#8211; gebraucht sehr gut.<\/p>\n","protected":false},"featured_media":4588,"comment_status":"closed","ping_status":"closed","template":"","meta":[],"product_brand":[],"product_cat":[83],"product_tag":[],"class_list":{"0":"post-4593","1":"product","2":"type-product","3":"status-publish","4":"has-post-thumbnail","6":"product_cat-klaviere","8":"first","9":"instock","10":"shipping-taxable","11":"purchasable","12":"product-type-simple","13":"czr-hentry"},"_links":{"self":[{"href":"https:\/\/pianorolf.pl\/de\/wp-json\/wp\/v2\/product\/4593","targetHints":{"allow":["GET"]}}],"collection":[{"href":"https:\/\/pianorolf.pl\/de\/wp-json\/wp\/v2\/product"}],"about":[{"href":"https:\/\/pianorolf.pl\/de\/wp-json\/wp\/v2\/types\/product"}],"replies":[{"embeddable":true,"href":"https:\/\/pianorolf.pl\/de\/wp-json\/wp\/v2\/comments?post=4593"}],"wp:featuredmedia":[{"embeddable":true,"href":"https:\/\/pianorolf.pl\/de\/wp-json\/wp\/v2\/media\/4588"}],"wp:attachment":[{"href":"https:\/\/pianorolf.pl\/de\/wp-json\/wp\/v2\/media?parent=4593"}],"wp:term":[{"taxonomy":"product_brand","embeddable":true,"href":"https:\/\/pianorolf.pl\/de\/wp-json\/wp\/v2\/product_brand?post=4593"},{"taxonomy":"product_cat","embeddable":true,"href":"https:\/\/pianorolf.pl\/de\/wp-json\/wp\/v2\/product_cat?post=4593"},{"taxonomy":"product_tag","embeddable":true,"href":"https:\/\/pianorolf.pl\/de\/wp-json\/wp\/v2\/product_tag?post=4593"}],"curies":[{"name":"wp","href":"https:\/\/api.w.org\/{rel}","templated":true}]}}