{"id":4584,"date":"2024-07-17T00:05:31","date_gmt":"2024-07-17T00:15:10","guid":{"rendered":"https:\/\/pianorolf.pl\/wordpress\/katalog\/shamrock-klavier\/"},"modified":"2024-07-17T00:15:10","modified_gmt":"2024-07-17T00:15:10","slug":"shamrock-klavier","status":"publish","type":"product","link":"https:\/\/pianorolf.pl\/de\/katalog\/shamrock-klavier\/","title":{"rendered":"SHAMROCK-Klavier"},"content":{"rendered":"","protected":false},"excerpt":{"rendered":"<p>Gro\u00dfartig klingendes SHAMROCK 121cm Klavier, Farbe sch\u00f6n gl\u00e4nzend schwarz. Wahnsinnig elegant, mitgebracht von der Tokioter Ausstellung, Klavier mit guter Mechanik, 6 Monate Garantie von Piano-Rolf. St\u00e4ndige Betreuung durch unseren Stimmer f\u00fcr Ihr Instrument! Zustand des Instruments &#8211; gebraucht gut.<\/p>\n","protected":false},"featured_media":4582,"comment_status":"closed","ping_status":"closed","template":"","meta":[],"product_brand":[],"product_cat":[83],"product_tag":[],"class_list":{"0":"post-4584","1":"product","2":"type-product","3":"status-publish","4":"has-post-thumbnail","6":"product_cat-klaviere","8":"first","9":"instock","10":"shipping-taxable","11":"purchasable","12":"product-type-simple","13":"czr-hentry"},"_links":{"self":[{"href":"https:\/\/pianorolf.pl\/de\/wp-json\/wp\/v2\/product\/4584","targetHints":{"allow":["GET"]}}],"collection":[{"href":"https:\/\/pianorolf.pl\/de\/wp-json\/wp\/v2\/product"}],"about":[{"href":"https:\/\/pianorolf.pl\/de\/wp-json\/wp\/v2\/types\/product"}],"replies":[{"embeddable":true,"href":"https:\/\/pianorolf.pl\/de\/wp-json\/wp\/v2\/comments?post=4584"}],"wp:featuredmedia":[{"embeddable":true,"href":"https:\/\/pianorolf.pl\/de\/wp-json\/wp\/v2\/media\/4582"}],"wp:attachment":[{"href":"https:\/\/pianorolf.pl\/de\/wp-json\/wp\/v2\/media?parent=4584"}],"wp:term":[{"taxonomy":"product_brand","embeddable":true,"href":"https:\/\/pianorolf.pl\/de\/wp-json\/wp\/v2\/product_brand?post=4584"},{"taxonomy":"product_cat","embeddable":true,"href":"https:\/\/pianorolf.pl\/de\/wp-json\/wp\/v2\/product_cat?post=4584"},{"taxonomy":"product_tag","embeddable":true,"href":"https:\/\/pianorolf.pl\/de\/wp-json\/wp\/v2\/product_tag?post=4584"}],"curies":[{"name":"wp","href":"https:\/\/api.w.org\/{rel}","templated":true}]}}