{"id":4549,"date":"2024-07-16T23:42:05","date_gmt":"2024-07-16T23:46:26","guid":{"rendered":"https:\/\/pianorolf.pl\/wordpress\/katalog\/schaller-klavier-ein-instrument-fuer-die-ewigkeit\/"},"modified":"2024-07-16T23:46:26","modified_gmt":"2024-07-16T23:46:26","slug":"schaller-klavier-ein-instrument-fuer-die-ewigkeit","status":"publish","type":"product","link":"https:\/\/pianorolf.pl\/de\/katalog\/schaller-klavier-ein-instrument-fuer-die-ewigkeit\/","title":{"rendered":"SCHALLER Klavier &#8211; ein Instrument f\u00fcr die Ewigkeit"},"content":{"rendered":"","protected":false},"excerpt":{"rendered":"<p>SCHALLER Klaviere &#8211; ein Instrument f\u00fcr viele Jahre. Toller, super klingender SCHALLER 121cm Konzertfl\u00fcgel, mitgebracht von einer Ausstellung in Tokio, Klavier mit einer guten deutschen Mechanik. St\u00e4ndige Betreuung durch unseren Stimmer f\u00fcr Ihr Instrument! Zustand des Instruments &#8211; gebraucht gut.<\/p>\n","protected":false},"featured_media":4562,"comment_status":"closed","ping_status":"closed","template":"","meta":[],"product_brand":[],"product_cat":[83],"product_tag":[],"class_list":{"0":"post-4549","1":"product","2":"type-product","3":"status-publish","4":"has-post-thumbnail","6":"product_cat-klaviere","8":"first","9":"instock","10":"shipping-taxable","11":"purchasable","12":"product-type-simple","13":"czr-hentry"},"_links":{"self":[{"href":"https:\/\/pianorolf.pl\/de\/wp-json\/wp\/v2\/product\/4549","targetHints":{"allow":["GET"]}}],"collection":[{"href":"https:\/\/pianorolf.pl\/de\/wp-json\/wp\/v2\/product"}],"about":[{"href":"https:\/\/pianorolf.pl\/de\/wp-json\/wp\/v2\/types\/product"}],"replies":[{"embeddable":true,"href":"https:\/\/pianorolf.pl\/de\/wp-json\/wp\/v2\/comments?post=4549"}],"wp:featuredmedia":[{"embeddable":true,"href":"https:\/\/pianorolf.pl\/de\/wp-json\/wp\/v2\/media\/4562"}],"wp:attachment":[{"href":"https:\/\/pianorolf.pl\/de\/wp-json\/wp\/v2\/media?parent=4549"}],"wp:term":[{"taxonomy":"product_brand","embeddable":true,"href":"https:\/\/pianorolf.pl\/de\/wp-json\/wp\/v2\/product_brand?post=4549"},{"taxonomy":"product_cat","embeddable":true,"href":"https:\/\/pianorolf.pl\/de\/wp-json\/wp\/v2\/product_cat?post=4549"},{"taxonomy":"product_tag","embeddable":true,"href":"https:\/\/pianorolf.pl\/de\/wp-json\/wp\/v2\/product_tag?post=4549"}],"curies":[{"name":"wp","href":"https:\/\/api.w.org\/{rel}","templated":true}]}}