{"id":4537,"date":"2024-07-16T22:43:14","date_gmt":"2024-07-16T22:51:48","guid":{"rendered":"https:\/\/pianorolf.pl\/wordpress\/katalog\/yamaha-yu116d-klavier-5-cm-weniger-als-u1\/"},"modified":"2024-07-17T14:17:43","modified_gmt":"2024-07-17T14:17:43","slug":"yamaha-yu116d-klavier-5-cm-weniger-als-u1","status":"publish","type":"product","link":"https:\/\/pianorolf.pl\/de\/katalog\/yamaha-yu116d-klavier-5-cm-weniger-als-u1\/","title":{"rendered":"YAMAHA YU116D Klavier (5 cm weniger als U1)"},"content":{"rendered":"","protected":false},"excerpt":{"rendered":"<p>YAMAHA YU116D Upright Piano (5 cm niedriger als das U1) &#8211; schwarz gl\u00e4nzend. Klavier mit japanischer YAMAHA-Mechanik. Unter garantierter Betreuung von Piano-Rolf. St\u00e4ndige Betreuung durch unseren Stimmer f\u00fcr Ihr Instrument! Zustand des Instruments &#8211; gebraucht sehr gut.<\/p>\n","protected":false},"featured_media":4528,"comment_status":"closed","ping_status":"closed","template":"","meta":[],"product_brand":[],"product_cat":[83],"product_tag":[],"class_list":{"0":"post-4537","1":"product","2":"type-product","3":"status-publish","4":"has-post-thumbnail","6":"product_cat-klaviere","8":"first","9":"instock","10":"shipping-taxable","11":"purchasable","12":"product-type-simple","13":"czr-hentry"},"_links":{"self":[{"href":"https:\/\/pianorolf.pl\/de\/wp-json\/wp\/v2\/product\/4537","targetHints":{"allow":["GET"]}}],"collection":[{"href":"https:\/\/pianorolf.pl\/de\/wp-json\/wp\/v2\/product"}],"about":[{"href":"https:\/\/pianorolf.pl\/de\/wp-json\/wp\/v2\/types\/product"}],"replies":[{"embeddable":true,"href":"https:\/\/pianorolf.pl\/de\/wp-json\/wp\/v2\/comments?post=4537"}],"wp:featuredmedia":[{"embeddable":true,"href":"https:\/\/pianorolf.pl\/de\/wp-json\/wp\/v2\/media\/4528"}],"wp:attachment":[{"href":"https:\/\/pianorolf.pl\/de\/wp-json\/wp\/v2\/media?parent=4537"}],"wp:term":[{"taxonomy":"product_brand","embeddable":true,"href":"https:\/\/pianorolf.pl\/de\/wp-json\/wp\/v2\/product_brand?post=4537"},{"taxonomy":"product_cat","embeddable":true,"href":"https:\/\/pianorolf.pl\/de\/wp-json\/wp\/v2\/product_cat?post=4537"},{"taxonomy":"product_tag","embeddable":true,"href":"https:\/\/pianorolf.pl\/de\/wp-json\/wp\/v2\/product_tag?post=4537"}],"curies":[{"name":"wp","href":"https:\/\/api.w.org\/{rel}","templated":true}]}}