{"id":4517,"date":"2024-07-16T22:33:38","date_gmt":"2024-07-16T22:34:52","guid":{"rendered":"https:\/\/pianorolf.pl\/wordpress\/katalog\/kawai-bl-51-pianino-japan\/"},"modified":"2024-07-16T22:34:52","modified_gmt":"2024-07-16T22:34:52","slug":"kawai-bl-51-pianino-japan","status":"publish","type":"product","link":"https:\/\/pianorolf.pl\/de\/katalog\/kawai-bl-51-pianino-japan\/","title":{"rendered":"KAWAI BL-51 PIANINO Japan"},"content":{"rendered":"","protected":false},"excerpt":{"rendered":"<p>KAWAI 120cm BL-51 Klavier, hergestellt in Japan, hoch mit einer guten japanischen Mechanik, unter Garantie f\u00fcr 6 Monate von Piano-Rolf. St\u00e4ndige Betreuung durch unseren Stimmer f\u00fcr Ihr Instrument! Zustand des Instruments &#8211; gebraucht gut.<\/p>\n","protected":false},"featured_media":4515,"comment_status":"closed","ping_status":"closed","template":"","meta":[],"product_brand":[],"product_cat":[83],"product_tag":[],"class_list":{"0":"post-4517","1":"product","2":"type-product","3":"status-publish","4":"has-post-thumbnail","6":"product_cat-klaviere","8":"first","9":"instock","10":"shipping-taxable","11":"purchasable","12":"product-type-simple","13":"czr-hentry"},"_links":{"self":[{"href":"https:\/\/pianorolf.pl\/de\/wp-json\/wp\/v2\/product\/4517","targetHints":{"allow":["GET"]}}],"collection":[{"href":"https:\/\/pianorolf.pl\/de\/wp-json\/wp\/v2\/product"}],"about":[{"href":"https:\/\/pianorolf.pl\/de\/wp-json\/wp\/v2\/types\/product"}],"replies":[{"embeddable":true,"href":"https:\/\/pianorolf.pl\/de\/wp-json\/wp\/v2\/comments?post=4517"}],"wp:featuredmedia":[{"embeddable":true,"href":"https:\/\/pianorolf.pl\/de\/wp-json\/wp\/v2\/media\/4515"}],"wp:attachment":[{"href":"https:\/\/pianorolf.pl\/de\/wp-json\/wp\/v2\/media?parent=4517"}],"wp:term":[{"taxonomy":"product_brand","embeddable":true,"href":"https:\/\/pianorolf.pl\/de\/wp-json\/wp\/v2\/product_brand?post=4517"},{"taxonomy":"product_cat","embeddable":true,"href":"https:\/\/pianorolf.pl\/de\/wp-json\/wp\/v2\/product_cat?post=4517"},{"taxonomy":"product_tag","embeddable":true,"href":"https:\/\/pianorolf.pl\/de\/wp-json\/wp\/v2\/product_tag?post=4517"}],"curies":[{"name":"wp","href":"https:\/\/api.w.org\/{rel}","templated":true}]}}