{"id":4508,"date":"2024-07-16T22:29:54","date_gmt":"2024-07-16T22:30:58","guid":{"rendered":"https:\/\/pianorolf.pl\/wordpress\/katalog\/hervorragend-klingendes-weber-hochpiano\/"},"modified":"2024-07-16T22:30:58","modified_gmt":"2024-07-16T22:30:58","slug":"hervorragend-klingendes-weber-hochpiano","status":"publish","type":"product","link":"https:\/\/pianorolf.pl\/de\/katalog\/hervorragend-klingendes-weber-hochpiano\/","title":{"rendered":"Hervorragend klingendes WEBER-Hochpiano"},"content":{"rendered":"","protected":false},"excerpt":{"rendered":"<p>Gro\u00dfartiger, gut klingender WEBER 130cm Konzertfl\u00fcgel, zur\u00fcckgebracht von der Ausstellung in Tokyo, Klavier mit guter deutscher Konstruktionsmechanik, unter Garantie 6 mc. von Piano-Rolf. St\u00e4ndige Betreuung durch unseren Stimmer f\u00fcr Ihr Instrument! Zustand des Instruments &#8211; gebraucht gut. GARANTIE<\/p>\n","protected":false},"featured_media":4507,"comment_status":"closed","ping_status":"closed","template":"","meta":[],"product_brand":[],"product_cat":[83],"product_tag":[],"class_list":{"0":"post-4508","1":"product","2":"type-product","3":"status-publish","4":"has-post-thumbnail","6":"product_cat-klaviere","8":"first","9":"instock","10":"shipping-taxable","11":"purchasable","12":"product-type-simple","13":"czr-hentry"},"_links":{"self":[{"href":"https:\/\/pianorolf.pl\/de\/wp-json\/wp\/v2\/product\/4508","targetHints":{"allow":["GET"]}}],"collection":[{"href":"https:\/\/pianorolf.pl\/de\/wp-json\/wp\/v2\/product"}],"about":[{"href":"https:\/\/pianorolf.pl\/de\/wp-json\/wp\/v2\/types\/product"}],"replies":[{"embeddable":true,"href":"https:\/\/pianorolf.pl\/de\/wp-json\/wp\/v2\/comments?post=4508"}],"wp:featuredmedia":[{"embeddable":true,"href":"https:\/\/pianorolf.pl\/de\/wp-json\/wp\/v2\/media\/4507"}],"wp:attachment":[{"href":"https:\/\/pianorolf.pl\/de\/wp-json\/wp\/v2\/media?parent=4508"}],"wp:term":[{"taxonomy":"product_brand","embeddable":true,"href":"https:\/\/pianorolf.pl\/de\/wp-json\/wp\/v2\/product_brand?post=4508"},{"taxonomy":"product_cat","embeddable":true,"href":"https:\/\/pianorolf.pl\/de\/wp-json\/wp\/v2\/product_cat?post=4508"},{"taxonomy":"product_tag","embeddable":true,"href":"https:\/\/pianorolf.pl\/de\/wp-json\/wp\/v2\/product_tag?post=4508"}],"curies":[{"name":"wp","href":"https:\/\/api.w.org\/{rel}","templated":true}]}}