{"id":4499,"date":"2024-07-16T22:18:43","date_gmt":"2024-07-16T22:27:23","guid":{"rendered":"https:\/\/pianorolf.pl\/wordpress\/katalog\/konzertklavier-original-wieler\/"},"modified":"2024-07-16T22:27:23","modified_gmt":"2024-07-16T22:27:23","slug":"konzertklavier-original-wieler","status":"publish","type":"product","link":"https:\/\/pianorolf.pl\/de\/katalog\/konzertklavier-original-wieler\/","title":{"rendered":"Konzertklavier-Original. WIELER"},"content":{"rendered":"","protected":false},"excerpt":{"rendered":"<p>Ausgezeichneter, gut klingender WIELER 121cm Konzertfl\u00fcgel, zur\u00fcckgebracht von einer Ausstellung in Tokyo, Klavier mit guter deutscher Mechanik, 6 Monate Garantie von Piano-Rolf. St\u00e4ndige Betreuung durch unseren Stimmer f\u00fcr Ihr Instrument! Zustand des Instruments &#8211; gebraucht gut.<\/p>\n","protected":false},"featured_media":4494,"comment_status":"closed","ping_status":"closed","template":"","meta":[],"product_brand":[],"product_cat":[83],"product_tag":[],"class_list":{"0":"post-4499","1":"product","2":"type-product","3":"status-publish","4":"has-post-thumbnail","6":"product_cat-klaviere","8":"first","9":"instock","10":"shipping-taxable","11":"purchasable","12":"product-type-simple","13":"czr-hentry"},"_links":{"self":[{"href":"https:\/\/pianorolf.pl\/de\/wp-json\/wp\/v2\/product\/4499","targetHints":{"allow":["GET"]}}],"collection":[{"href":"https:\/\/pianorolf.pl\/de\/wp-json\/wp\/v2\/product"}],"about":[{"href":"https:\/\/pianorolf.pl\/de\/wp-json\/wp\/v2\/types\/product"}],"replies":[{"embeddable":true,"href":"https:\/\/pianorolf.pl\/de\/wp-json\/wp\/v2\/comments?post=4499"}],"wp:featuredmedia":[{"embeddable":true,"href":"https:\/\/pianorolf.pl\/de\/wp-json\/wp\/v2\/media\/4494"}],"wp:attachment":[{"href":"https:\/\/pianorolf.pl\/de\/wp-json\/wp\/v2\/media?parent=4499"}],"wp:term":[{"taxonomy":"product_brand","embeddable":true,"href":"https:\/\/pianorolf.pl\/de\/wp-json\/wp\/v2\/product_brand?post=4499"},{"taxonomy":"product_cat","embeddable":true,"href":"https:\/\/pianorolf.pl\/de\/wp-json\/wp\/v2\/product_cat?post=4499"},{"taxonomy":"product_tag","embeddable":true,"href":"https:\/\/pianorolf.pl\/de\/wp-json\/wp\/v2\/product_tag?post=4499"}],"curies":[{"name":"wp","href":"https:\/\/api.w.org\/{rel}","templated":true}]}}