{"id":4489,"date":"2024-07-16T22:13:20","date_gmt":"2024-07-16T22:16:11","guid":{"rendered":"https:\/\/pianorolf.pl\/wordpress\/katalog\/yamaha-u1-japanisches-pianino\/"},"modified":"2024-07-16T22:16:11","modified_gmt":"2024-07-16T22:16:11","slug":"yamaha-u1-japanisches-pianino","status":"publish","type":"product","link":"https:\/\/pianorolf.pl\/de\/katalog\/yamaha-u1-japanisches-pianino\/","title":{"rendered":"YAMAHA U1 Japanisches PIANINO"},"content":{"rendered":"","protected":false},"excerpt":{"rendered":"<p>Sehr elegantes, junges, gebrauchtes Klavier YAMAHA U1 &#8211; Japan &#8211; gl\u00e4nzend schwarz. H\u00f6he 121 cm. Ein professionelles Instrument, das bei Pianisten und Klaviersch\u00fclern in den USA sehr begehrt ist. St\u00e4ndige Betreuung durch unseren Stimmer f\u00fcr Ihr Instrument! Zustand und Aussehen gro\u00dfartig! CONFIDENCE! und Qualit\u00e4t. YAMAHA Klavier &#8211; 2 Jahre kostenlose Wartung. Das Instrument hat kleine Kratzer auf dem Geh\u00e4use, Originalteile, einen vollst\u00e4ndigen Resonanzboden, eine makellose Tastatur und einen gro\u00dfartigen Klang! Erscheinungsbild und Service wie bei einem neuen Ger\u00e4t.<\/p>\n<p>Seriennummer 1,7 Millionen.<\/p>\n","protected":false},"featured_media":4484,"comment_status":"closed","ping_status":"closed","template":"","meta":[],"product_brand":[],"product_cat":[83],"product_tag":[],"class_list":{"0":"post-4489","1":"product","2":"type-product","3":"status-publish","4":"has-post-thumbnail","6":"product_cat-klaviere","8":"first","9":"instock","10":"shipping-taxable","11":"purchasable","12":"product-type-simple","13":"czr-hentry"},"_links":{"self":[{"href":"https:\/\/pianorolf.pl\/de\/wp-json\/wp\/v2\/product\/4489","targetHints":{"allow":["GET"]}}],"collection":[{"href":"https:\/\/pianorolf.pl\/de\/wp-json\/wp\/v2\/product"}],"about":[{"href":"https:\/\/pianorolf.pl\/de\/wp-json\/wp\/v2\/types\/product"}],"replies":[{"embeddable":true,"href":"https:\/\/pianorolf.pl\/de\/wp-json\/wp\/v2\/comments?post=4489"}],"wp:featuredmedia":[{"embeddable":true,"href":"https:\/\/pianorolf.pl\/de\/wp-json\/wp\/v2\/media\/4484"}],"wp:attachment":[{"href":"https:\/\/pianorolf.pl\/de\/wp-json\/wp\/v2\/media?parent=4489"}],"wp:term":[{"taxonomy":"product_brand","embeddable":true,"href":"https:\/\/pianorolf.pl\/de\/wp-json\/wp\/v2\/product_brand?post=4489"},{"taxonomy":"product_cat","embeddable":true,"href":"https:\/\/pianorolf.pl\/de\/wp-json\/wp\/v2\/product_cat?post=4489"},{"taxonomy":"product_tag","embeddable":true,"href":"https:\/\/pianorolf.pl\/de\/wp-json\/wp\/v2\/product_tag?post=4489"}],"curies":[{"name":"wp","href":"https:\/\/api.w.org\/{rel}","templated":true}]}}