{"id":4470,"date":"2024-07-16T21:54:54","date_gmt":"2024-07-16T22:03:22","guid":{"rendered":"https:\/\/pianorolf.pl\/wordpress\/katalog\/original-japan-weiss-yamaha-u1-pianino\/"},"modified":"2024-07-16T22:03:22","modified_gmt":"2024-07-16T22:03:22","slug":"original-japan-weiss-yamaha-u1-pianino","status":"publish","type":"product","link":"https:\/\/pianorolf.pl\/de\/katalog\/original-japan-weiss-yamaha-u1-pianino\/","title":{"rendered":"Original Japan wei\u00df YAMAHA U1 PIANINO"},"content":{"rendered":"","protected":false},"excerpt":{"rendered":"<p>Sehr elegantes gebrauchtes Klavier original YAMAHA U1 &#8211; Japan &#8211; wei\u00df gl\u00e4nzend. H\u00f6he 121 cm. Ein professionelles Instrument, das bei Pianisten und Klaviersch\u00fclern in den USA sehr begehrt ist. St\u00e4ndige Betreuung durch unseren Stimmer f\u00fcr Ihr Instrument! Zustand und Aussehen gro\u00dfartig! Produktionsjahre 70-80&#8242; VERTRAUEN auf Originalit\u00e4t und Qualit\u00e4t. YAMAHA Klavier &#8211; 2 Jahre kostenlose Wartung. Das Instrument hat keine Gebrauchsspuren und keine Kratzer auf dem Geh\u00e4use, Originalteile, ganzer Resonanzboden, tadellose Tastatur und toller Klang! Erscheinungsbild und Service wie bei einem neuen Ger\u00e4t.<\/p>\n","protected":false},"featured_media":4468,"comment_status":"closed","ping_status":"closed","template":"","meta":[],"product_brand":[],"product_cat":[83],"product_tag":[],"class_list":{"0":"post-4470","1":"product","2":"type-product","3":"status-publish","4":"has-post-thumbnail","6":"product_cat-klaviere","8":"first","9":"instock","10":"shipping-taxable","11":"purchasable","12":"product-type-simple","13":"czr-hentry"},"_links":{"self":[{"href":"https:\/\/pianorolf.pl\/de\/wp-json\/wp\/v2\/product\/4470","targetHints":{"allow":["GET"]}}],"collection":[{"href":"https:\/\/pianorolf.pl\/de\/wp-json\/wp\/v2\/product"}],"about":[{"href":"https:\/\/pianorolf.pl\/de\/wp-json\/wp\/v2\/types\/product"}],"replies":[{"embeddable":true,"href":"https:\/\/pianorolf.pl\/de\/wp-json\/wp\/v2\/comments?post=4470"}],"wp:featuredmedia":[{"embeddable":true,"href":"https:\/\/pianorolf.pl\/de\/wp-json\/wp\/v2\/media\/4468"}],"wp:attachment":[{"href":"https:\/\/pianorolf.pl\/de\/wp-json\/wp\/v2\/media?parent=4470"}],"wp:term":[{"taxonomy":"product_brand","embeddable":true,"href":"https:\/\/pianorolf.pl\/de\/wp-json\/wp\/v2\/product_brand?post=4470"},{"taxonomy":"product_cat","embeddable":true,"href":"https:\/\/pianorolf.pl\/de\/wp-json\/wp\/v2\/product_cat?post=4470"},{"taxonomy":"product_tag","embeddable":true,"href":"https:\/\/pianorolf.pl\/de\/wp-json\/wp\/v2\/product_tag?post=4470"}],"curies":[{"name":"wp","href":"https:\/\/api.w.org\/{rel}","templated":true}]}}