{"id":4454,"date":"2024-07-16T11:23:59","date_gmt":"2024-07-16T11:30:47","guid":{"rendered":"https:\/\/pianorolf.pl\/wordpress\/katalog\/carl-steinberg-deutsches-design-japan-teile\/"},"modified":"2024-07-16T11:33:53","modified_gmt":"2024-07-16T11:33:53","slug":"carl-steinberg-deutsches-design-japan-teile","status":"publish","type":"product","link":"https:\/\/pianorolf.pl\/de\/katalog\/carl-steinberg-deutsches-design-japan-teile\/","title":{"rendered":"Carl STEINBERG Deutsches Design Japan Teile"},"content":{"rendered":"","protected":false},"excerpt":{"rendered":"<p>Klaviere der deutschen Traditionsmarke Carl STEINBERG, Farbe Polyester schwarz gl\u00e4nzend. Klavier mit Pr\u00e4zisionsmechanik und japanischen H\u00e4mmern. Es ist ein kraftvolles und sch\u00f6n klingendes Klavier mit dem charakteristischen klassischen Klang der deutschen Klaviere. Garantie von Piano-Rolf. St\u00e4ndige Betreuung durch unseren Stimmer f\u00fcr Ihr Instrument! Zustand des Instruments &#8211; gebraucht sehr gut.<\/p>\n","protected":false},"featured_media":4441,"comment_status":"closed","ping_status":"closed","template":"","meta":[],"product_brand":[],"product_cat":[83],"product_tag":[],"class_list":{"0":"post-4454","1":"product","2":"type-product","3":"status-publish","4":"has-post-thumbnail","6":"product_cat-klaviere","8":"first","9":"instock","10":"shipping-taxable","11":"purchasable","12":"product-type-simple","13":"czr-hentry"},"_links":{"self":[{"href":"https:\/\/pianorolf.pl\/de\/wp-json\/wp\/v2\/product\/4454","targetHints":{"allow":["GET"]}}],"collection":[{"href":"https:\/\/pianorolf.pl\/de\/wp-json\/wp\/v2\/product"}],"about":[{"href":"https:\/\/pianorolf.pl\/de\/wp-json\/wp\/v2\/types\/product"}],"replies":[{"embeddable":true,"href":"https:\/\/pianorolf.pl\/de\/wp-json\/wp\/v2\/comments?post=4454"}],"wp:featuredmedia":[{"embeddable":true,"href":"https:\/\/pianorolf.pl\/de\/wp-json\/wp\/v2\/media\/4441"}],"wp:attachment":[{"href":"https:\/\/pianorolf.pl\/de\/wp-json\/wp\/v2\/media?parent=4454"}],"wp:term":[{"taxonomy":"product_brand","embeddable":true,"href":"https:\/\/pianorolf.pl\/de\/wp-json\/wp\/v2\/product_brand?post=4454"},{"taxonomy":"product_cat","embeddable":true,"href":"https:\/\/pianorolf.pl\/de\/wp-json\/wp\/v2\/product_cat?post=4454"},{"taxonomy":"product_tag","embeddable":true,"href":"https:\/\/pianorolf.pl\/de\/wp-json\/wp\/v2\/product_tag?post=4454"}],"curies":[{"name":"wp","href":"https:\/\/api.w.org\/{rel}","templated":true}]}}