{"id":4436,"date":"2024-07-16T11:17:40","date_gmt":"2024-07-16T11:20:42","guid":{"rendered":"https:\/\/pianorolf.pl\/wordpress\/katalog\/schwarz-feurich-pianino\/"},"modified":"2024-07-16T11:20:42","modified_gmt":"2024-07-16T11:20:42","slug":"schwarz-feurich-pianino","status":"publish","type":"product","link":"https:\/\/pianorolf.pl\/de\/katalog\/schwarz-feurich-pianino\/","title":{"rendered":"Schwarz FEURICH PIANINO"},"content":{"rendered":"","protected":false},"excerpt":{"rendered":"<p>Sch\u00f6ner schwarzer FEURICH PIANINO, Farbe schwarz gl\u00e4nzendes Polyester. FEURICH Leipzig Klavier mit guter Mechanik, unter Garantie (6 Monate) von Piano-Rolf. Sp\u00e4ter, unter der st\u00e4ndigen Obhut unseres Tuners am Instrument! Zustand des Instruments &#8211; gebraucht gut. GARANTIE<\/p>\n","protected":false},"featured_media":4453,"comment_status":"closed","ping_status":"closed","template":"","meta":[],"product_brand":[],"product_cat":[83],"product_tag":[],"class_list":{"0":"post-4436","1":"product","2":"type-product","3":"status-publish","4":"has-post-thumbnail","6":"product_cat-klaviere","8":"first","9":"instock","10":"shipping-taxable","11":"purchasable","12":"product-type-simple","13":"czr-hentry"},"_links":{"self":[{"href":"https:\/\/pianorolf.pl\/de\/wp-json\/wp\/v2\/product\/4436","targetHints":{"allow":["GET"]}}],"collection":[{"href":"https:\/\/pianorolf.pl\/de\/wp-json\/wp\/v2\/product"}],"about":[{"href":"https:\/\/pianorolf.pl\/de\/wp-json\/wp\/v2\/types\/product"}],"replies":[{"embeddable":true,"href":"https:\/\/pianorolf.pl\/de\/wp-json\/wp\/v2\/comments?post=4436"}],"wp:featuredmedia":[{"embeddable":true,"href":"https:\/\/pianorolf.pl\/de\/wp-json\/wp\/v2\/media\/4453"}],"wp:attachment":[{"href":"https:\/\/pianorolf.pl\/de\/wp-json\/wp\/v2\/media?parent=4436"}],"wp:term":[{"taxonomy":"product_brand","embeddable":true,"href":"https:\/\/pianorolf.pl\/de\/wp-json\/wp\/v2\/product_brand?post=4436"},{"taxonomy":"product_cat","embeddable":true,"href":"https:\/\/pianorolf.pl\/de\/wp-json\/wp\/v2\/product_cat?post=4436"},{"taxonomy":"product_tag","embeddable":true,"href":"https:\/\/pianorolf.pl\/de\/wp-json\/wp\/v2\/product_tag?post=4436"}],"curies":[{"name":"wp","href":"https:\/\/api.w.org\/{rel}","templated":true}]}}