{"id":4429,"date":"2024-07-16T11:10:53","date_gmt":"2024-07-16T11:15:02","guid":{"rendered":"https:\/\/pianorolf.pl\/wordpress\/katalog\/original-japan-weiss-yamaha-u3-pianino\/"},"modified":"2024-07-16T11:15:02","modified_gmt":"2024-07-16T11:15:02","slug":"original-japan-weiss-yamaha-u3-pianino","status":"publish","type":"product","link":"https:\/\/pianorolf.pl\/de\/katalog\/original-japan-weiss-yamaha-u3-pianino\/","title":{"rendered":"Original Japan wei\u00df YAMAHA U3 PIANINO"},"content":{"rendered":"","protected":false},"excerpt":{"rendered":"<p>Sehr elegantes, gebrauchtes Klavier original YAMAHA U3 &#8211; Japan &#8211; wei\u00df gl\u00e4nzend. H\u00f6he 131 cm. Ein professionelles Instrument, das bei Pianisten und Klaviersch\u00fclern in den USA sehr begehrt ist. St\u00e4ndige Betreuung durch unseren Stimmer f\u00fcr Ihr Instrument! Zustand und Aussehen gro\u00dfartig! Produktionsjahre 70-80&#8243;. VERTRAUEN Sie auf die Originalqualit\u00e4t des YAMAHA-Pianos &#8211; 2 Jahre kostenlose Servicebetreuung. Das Instrument hat keine Gebrauchsspuren und keine Kratzer auf dem Geh\u00e4use, Originalteile, ganzer Resonanzboden, tadellose Tastatur und toller Klang! Sieht aus wie ein neues Ger\u00e4t, kostet aber weniger als die H\u00e4lfte als ein neues Ger\u00e4t bei uns.<br \/>\nSeriennummer 1,5 Millionen.<\/p>\n","protected":false},"featured_media":4421,"comment_status":"closed","ping_status":"closed","template":"","meta":[],"product_brand":[],"product_cat":[83],"product_tag":[],"class_list":{"0":"post-4429","1":"product","2":"type-product","3":"status-publish","4":"has-post-thumbnail","6":"product_cat-klaviere","8":"first","9":"instock","10":"shipping-taxable","11":"purchasable","12":"product-type-simple","13":"czr-hentry"},"_links":{"self":[{"href":"https:\/\/pianorolf.pl\/de\/wp-json\/wp\/v2\/product\/4429","targetHints":{"allow":["GET"]}}],"collection":[{"href":"https:\/\/pianorolf.pl\/de\/wp-json\/wp\/v2\/product"}],"about":[{"href":"https:\/\/pianorolf.pl\/de\/wp-json\/wp\/v2\/types\/product"}],"replies":[{"embeddable":true,"href":"https:\/\/pianorolf.pl\/de\/wp-json\/wp\/v2\/comments?post=4429"}],"wp:featuredmedia":[{"embeddable":true,"href":"https:\/\/pianorolf.pl\/de\/wp-json\/wp\/v2\/media\/4421"}],"wp:attachment":[{"href":"https:\/\/pianorolf.pl\/de\/wp-json\/wp\/v2\/media?parent=4429"}],"wp:term":[{"taxonomy":"product_brand","embeddable":true,"href":"https:\/\/pianorolf.pl\/de\/wp-json\/wp\/v2\/product_brand?post=4429"},{"taxonomy":"product_cat","embeddable":true,"href":"https:\/\/pianorolf.pl\/de\/wp-json\/wp\/v2\/product_cat?post=4429"},{"taxonomy":"product_tag","embeddable":true,"href":"https:\/\/pianorolf.pl\/de\/wp-json\/wp\/v2\/product_tag?post=4429"}],"curies":[{"name":"wp","href":"https:\/\/api.w.org\/{rel}","templated":true}]}}