{"id":4398,"date":"2024-07-16T09:22:18","date_gmt":"2024-07-16T09:36:03","guid":{"rendered":"https:\/\/pianorolf.pl\/wordpress\/katalog\/yamaha-u3-silent-pianino-weiss\/"},"modified":"2024-07-16T09:36:03","modified_gmt":"2024-07-16T09:36:03","slug":"yamaha-u3-silent-pianino-weiss","status":"publish","type":"product","link":"https:\/\/pianorolf.pl\/de\/katalog\/yamaha-u3-silent-pianino-weiss\/","title":{"rendered":"YAMAHA U3 SILENT PIANINO WEISS"},"content":{"rendered":"","protected":false},"excerpt":{"rendered":"<p>Sehr elegantes, gebrauchtes Klavier original YAMAHA U3 Japan &#8211; wei\u00df gl\u00e4nzend. H\u00f6he des Klaviers 131 cm. Ein professionelles Instrument, das bei Pianisten und Klaviersch\u00fclern in den USA sehr begehrt ist. St\u00e4ndige Betreuung durch unseren Stimmer f\u00fcr Ihr Instrument! Zustand und Aussehen gro\u00dfartig! Produktionsjahre 70-80&#8243;. VERTRAUEN Sie auf die Originalqualit\u00e4t des YAMAHA-Pianos &#8211; 2 Jahre kostenlose Servicebetreuung. Das Instrument hat keine Gebrauchsspuren und keine Kratzer auf dem Geh\u00e4use, Originalteile, ganzer Resonanzboden, tadellose Tastatur und toller Klang! Das SILENT SYSTEM des Klaviers erm\u00f6glicht es Ihnen, leise zu \u00fcben. Seriennummer ca. 1,5 Millionen.<\/p>\n","protected":false},"featured_media":4393,"comment_status":"closed","ping_status":"closed","template":"","meta":[],"product_brand":[],"product_cat":[83],"product_tag":[],"class_list":{"0":"post-4398","1":"product","2":"type-product","3":"status-publish","4":"has-post-thumbnail","6":"product_cat-klaviere","8":"first","9":"instock","10":"shipping-taxable","11":"purchasable","12":"product-type-simple","13":"czr-hentry"},"_links":{"self":[{"href":"https:\/\/pianorolf.pl\/de\/wp-json\/wp\/v2\/product\/4398","targetHints":{"allow":["GET"]}}],"collection":[{"href":"https:\/\/pianorolf.pl\/de\/wp-json\/wp\/v2\/product"}],"about":[{"href":"https:\/\/pianorolf.pl\/de\/wp-json\/wp\/v2\/types\/product"}],"replies":[{"embeddable":true,"href":"https:\/\/pianorolf.pl\/de\/wp-json\/wp\/v2\/comments?post=4398"}],"wp:featuredmedia":[{"embeddable":true,"href":"https:\/\/pianorolf.pl\/de\/wp-json\/wp\/v2\/media\/4393"}],"wp:attachment":[{"href":"https:\/\/pianorolf.pl\/de\/wp-json\/wp\/v2\/media?parent=4398"}],"wp:term":[{"taxonomy":"product_brand","embeddable":true,"href":"https:\/\/pianorolf.pl\/de\/wp-json\/wp\/v2\/product_brand?post=4398"},{"taxonomy":"product_cat","embeddable":true,"href":"https:\/\/pianorolf.pl\/de\/wp-json\/wp\/v2\/product_cat?post=4398"},{"taxonomy":"product_tag","embeddable":true,"href":"https:\/\/pianorolf.pl\/de\/wp-json\/wp\/v2\/product_tag?post=4398"}],"curies":[{"name":"wp","href":"https:\/\/api.w.org\/{rel}","templated":true}]}}