{"id":4330,"date":"2024-07-15T21:13:13","date_gmt":"2024-07-15T21:28:12","guid":{"rendered":"https:\/\/pianorolf.pl\/wordpress\/katalog\/yamaha-hybr-silent-gt2-disklav-klavier\/"},"modified":"2024-07-18T13:47:49","modified_gmt":"2024-07-18T13:47:49","slug":"yamaha-hybr-silent-gt2-disklav-klavier","status":"publish","type":"product","link":"https:\/\/pianorolf.pl\/de\/katalog\/yamaha-hybr-silent-gt2-disklav-klavier\/","title":{"rendered":"Yamaha Hybrid-Klavier SILENT GT2 disklav"},"content":{"rendered":"","protected":false},"excerpt":{"rendered":"<p>Junges Yamaha GT2 SILENT digitales Hybrid-Klassik-Piano &#8211; DISKLAVIER. Ein klassisches Instrument mit Holztastatur und klassischer Hammermechanik &#8211; das digitale Yamaha DGP2 GT2 SILENT made in Japan mit zus\u00e4tzlichen Funktionen: Disklavier, Aufnahme und SILENT-Kopfh\u00f6rer\u00fcbungen. Gro\u00dfartiger Klang. Umfangreiche Bibliothek mit Liedern zum Abspielen. M\u00f6glichkeit, Hunderte von neuen Klassik-, Pop- und Jazzsongs aus dem Internet herunterzuladen.<br \/>\nSie k\u00f6nnen Ihren Spielfortschritt aufzeichnen und per E-Mail versenden (dank einer Partnerschaft mit Yamaha PianoDiary). Kabellose Steuerung \u00fcber ein iPad oder iPhone. Preis dank Direktimport aus Japan GROSSARTIG! Zustand, wie neu. Nicht verwendet. Das Ger\u00e4t wird mit 110 V \u00fcber den mitgelieferten Spannungswandler betrieben.<\/p>\n","protected":false},"featured_media":2092,"comment_status":"closed","ping_status":"closed","template":"","meta":[],"product_brand":[],"product_cat":[87,82],"product_tag":[],"class_list":{"0":"post-4330","1":"product","2":"type-product","3":"status-publish","4":"has-post-thumbnail","6":"product_cat-digitalpianos","7":"product_cat-fluegel","9":"first","10":"instock","11":"shipping-taxable","12":"purchasable","13":"product-type-simple","14":"czr-hentry"},"_links":{"self":[{"href":"https:\/\/pianorolf.pl\/de\/wp-json\/wp\/v2\/product\/4330","targetHints":{"allow":["GET"]}}],"collection":[{"href":"https:\/\/pianorolf.pl\/de\/wp-json\/wp\/v2\/product"}],"about":[{"href":"https:\/\/pianorolf.pl\/de\/wp-json\/wp\/v2\/types\/product"}],"replies":[{"embeddable":true,"href":"https:\/\/pianorolf.pl\/de\/wp-json\/wp\/v2\/comments?post=4330"}],"wp:featuredmedia":[{"embeddable":true,"href":"https:\/\/pianorolf.pl\/de\/wp-json\/wp\/v2\/media\/2092"}],"wp:attachment":[{"href":"https:\/\/pianorolf.pl\/de\/wp-json\/wp\/v2\/media?parent=4330"}],"wp:term":[{"taxonomy":"product_brand","embeddable":true,"href":"https:\/\/pianorolf.pl\/de\/wp-json\/wp\/v2\/product_brand?post=4330"},{"taxonomy":"product_cat","embeddable":true,"href":"https:\/\/pianorolf.pl\/de\/wp-json\/wp\/v2\/product_cat?post=4330"},{"taxonomy":"product_tag","embeddable":true,"href":"https:\/\/pianorolf.pl\/de\/wp-json\/wp\/v2\/product_tag?post=4330"}],"curies":[{"name":"wp","href":"https:\/\/api.w.org\/{rel}","templated":true}]}}