{"id":4313,"date":"2024-07-15T20:33:47","date_gmt":"2024-07-15T20:37:34","guid":{"rendered":"https:\/\/pianorolf.pl\/wordpress\/katalog\/yamaha-disklavier-silent-piano\/"},"modified":"2024-07-15T20:37:34","modified_gmt":"2024-07-15T20:37:34","slug":"yamaha-disklavier-silent-piano","status":"publish","type":"product","link":"https:\/\/pianorolf.pl\/de\/katalog\/yamaha-disklavier-silent-piano\/","title":{"rendered":"YAMAHA DISKLAVIER SILENT PIANO"},"content":{"rendered":"","protected":false},"excerpt":{"rendered":"<p>Sehr elegantes YAMAHA A1 DISKLAVIER FORTEPIAN gesteuert durch iPhone oder iPad!!! (Selbstspieler mit Aufnahmefunktion). Schwarzer Glanz. L\u00e4nge des Klaviers 150 cm. Das im Instrument installierte Begleitsystem. Es hat auch ein System f\u00fcr leise \u00dcbung SILENT!!!<\/p>\n<p>Ein akustisches Instrument mit klassischer Klaviermechanik und Tastatur, ausgestattet mit einem modernen Selbstspielsystem, das \u00fcber CD, Pedrive, WI-FI oder drahtlos \u00fcber die Fernbedienung oder jedes Smartphone mit IOS, iPhone oder iPad gesteuert werden kann. Kann aufgezeichnet und auf dem Ger\u00e4t gespeichert werden. Mit dem Programm PianoDiary von Yamaha k\u00f6nnen Sie Ihre Fortschritte beim \u00dcben auf dem Klavier tagebuchartig festhalten.<br \/>\nEin professionelles Instrument, das immer noch in Japan (nicht in Indonesien oder China) hergestellt wird. Zustand des Instruments &#8211; gebraucht (Serie 6 Millionen) sehr gut, fast wie neu. Neupreis 80.000 pln.<\/p>\n","protected":false},"featured_media":2126,"comment_status":"closed","ping_status":"closed","template":"","meta":[],"product_brand":[],"product_cat":[82],"product_tag":[],"class_list":{"0":"post-4313","1":"product","2":"type-product","3":"status-publish","4":"has-post-thumbnail","6":"product_cat-fluegel","8":"first","9":"instock","10":"shipping-taxable","11":"purchasable","12":"product-type-simple","13":"czr-hentry"},"_links":{"self":[{"href":"https:\/\/pianorolf.pl\/de\/wp-json\/wp\/v2\/product\/4313","targetHints":{"allow":["GET"]}}],"collection":[{"href":"https:\/\/pianorolf.pl\/de\/wp-json\/wp\/v2\/product"}],"about":[{"href":"https:\/\/pianorolf.pl\/de\/wp-json\/wp\/v2\/types\/product"}],"replies":[{"embeddable":true,"href":"https:\/\/pianorolf.pl\/de\/wp-json\/wp\/v2\/comments?post=4313"}],"wp:featuredmedia":[{"embeddable":true,"href":"https:\/\/pianorolf.pl\/de\/wp-json\/wp\/v2\/media\/2126"}],"wp:attachment":[{"href":"https:\/\/pianorolf.pl\/de\/wp-json\/wp\/v2\/media?parent=4313"}],"wp:term":[{"taxonomy":"product_brand","embeddable":true,"href":"https:\/\/pianorolf.pl\/de\/wp-json\/wp\/v2\/product_brand?post=4313"},{"taxonomy":"product_cat","embeddable":true,"href":"https:\/\/pianorolf.pl\/de\/wp-json\/wp\/v2\/product_cat?post=4313"},{"taxonomy":"product_tag","embeddable":true,"href":"https:\/\/pianorolf.pl\/de\/wp-json\/wp\/v2\/product_tag?post=4313"}],"curies":[{"name":"wp","href":"https:\/\/api.w.org\/{rel}","templated":true}]}}