{"id":4302,"date":"2024-07-15T20:19:55","date_gmt":"2024-07-15T20:21:46","guid":{"rendered":"https:\/\/pianorolf.pl\/wordpress\/katalog\/foerster-deutscher-fluegel\/"},"modified":"2024-07-15T20:21:46","modified_gmt":"2024-07-15T20:21:46","slug":"foerster-deutscher-fluegel","status":"publish","type":"product","link":"https:\/\/pianorolf.pl\/de\/katalog\/foerster-deutscher-fluegel\/","title":{"rendered":"F\u00d6RSTER Deutscher Fl\u00fcgel"},"content":{"rendered":"","protected":false},"excerpt":{"rendered":"<p>Farbe: Schwarz gl\u00e4nzend. Das Klavier hat quadratische Beine, eine zeitgen\u00f6ssische englische Mechanik mit doppelter Repetition, einen sch\u00f6nen Resonanzboden und Saiten mit Stimmwirbeln, das Geh\u00e4use aus schwarzem Polyesterlack, ohne den geringsten Kratzer. Es ist auf a=440 Hz gestimmt. Ein wundersch\u00f6nes Instrument, der Traum von vielen. <\/p>\n","protected":false},"featured_media":2148,"comment_status":"closed","ping_status":"closed","template":"","meta":[],"product_brand":[],"product_cat":[82],"product_tag":[],"class_list":{"0":"post-4302","1":"product","2":"type-product","3":"status-publish","4":"has-post-thumbnail","6":"product_cat-fluegel","8":"first","9":"instock","10":"shipping-taxable","11":"purchasable","12":"product-type-simple","13":"czr-hentry"},"_links":{"self":[{"href":"https:\/\/pianorolf.pl\/de\/wp-json\/wp\/v2\/product\/4302","targetHints":{"allow":["GET"]}}],"collection":[{"href":"https:\/\/pianorolf.pl\/de\/wp-json\/wp\/v2\/product"}],"about":[{"href":"https:\/\/pianorolf.pl\/de\/wp-json\/wp\/v2\/types\/product"}],"replies":[{"embeddable":true,"href":"https:\/\/pianorolf.pl\/de\/wp-json\/wp\/v2\/comments?post=4302"}],"wp:featuredmedia":[{"embeddable":true,"href":"https:\/\/pianorolf.pl\/de\/wp-json\/wp\/v2\/media\/2148"}],"wp:attachment":[{"href":"https:\/\/pianorolf.pl\/de\/wp-json\/wp\/v2\/media?parent=4302"}],"wp:term":[{"taxonomy":"product_brand","embeddable":true,"href":"https:\/\/pianorolf.pl\/de\/wp-json\/wp\/v2\/product_brand?post=4302"},{"taxonomy":"product_cat","embeddable":true,"href":"https:\/\/pianorolf.pl\/de\/wp-json\/wp\/v2\/product_cat?post=4302"},{"taxonomy":"product_tag","embeddable":true,"href":"https:\/\/pianorolf.pl\/de\/wp-json\/wp\/v2\/product_tag?post=4302"}],"curies":[{"name":"wp","href":"https:\/\/api.w.org\/{rel}","templated":true}]}}