{"id":4299,"date":"2024-07-15T18:22:38","date_gmt":"2024-07-15T20:18:26","guid":{"rendered":"https:\/\/pianorolf.pl\/wordpress\/katalog\/kawai-silent-piano-15-jahre-alt\/"},"modified":"2024-07-15T20:18:26","modified_gmt":"2024-07-15T20:18:26","slug":"kawai-silent-piano-15-jahre-alt","status":"publish","type":"product","link":"https:\/\/pianorolf.pl\/de\/katalog\/kawai-silent-piano-15-jahre-alt\/","title":{"rendered":"KAWAI SILENT piano &#8211; 15 Jahre alt."},"content":{"rendered":"","protected":false},"excerpt":{"rendered":"<p>KAWAI SILENT piano &#8211; 15 Jahre alt.<br \/>\nWie neu, unter Garantie.<br \/>\nGer\u00e4uschloses System zum \u00dcben mit Kopfh\u00f6rern, ohne andere Hausbewohner zu st\u00f6ren.<\/p>\n","protected":false},"featured_media":2151,"comment_status":"closed","ping_status":"closed","template":"","meta":[],"product_brand":[],"product_cat":[82],"product_tag":[],"class_list":{"0":"post-4299","1":"product","2":"type-product","3":"status-publish","4":"has-post-thumbnail","6":"product_cat-fluegel","8":"first","9":"instock","10":"shipping-taxable","11":"purchasable","12":"product-type-simple","13":"czr-hentry"},"_links":{"self":[{"href":"https:\/\/pianorolf.pl\/de\/wp-json\/wp\/v2\/product\/4299","targetHints":{"allow":["GET"]}}],"collection":[{"href":"https:\/\/pianorolf.pl\/de\/wp-json\/wp\/v2\/product"}],"about":[{"href":"https:\/\/pianorolf.pl\/de\/wp-json\/wp\/v2\/types\/product"}],"replies":[{"embeddable":true,"href":"https:\/\/pianorolf.pl\/de\/wp-json\/wp\/v2\/comments?post=4299"}],"wp:featuredmedia":[{"embeddable":true,"href":"https:\/\/pianorolf.pl\/de\/wp-json\/wp\/v2\/media\/2151"}],"wp:attachment":[{"href":"https:\/\/pianorolf.pl\/de\/wp-json\/wp\/v2\/media?parent=4299"}],"wp:term":[{"taxonomy":"product_brand","embeddable":true,"href":"https:\/\/pianorolf.pl\/de\/wp-json\/wp\/v2\/product_brand?post=4299"},{"taxonomy":"product_cat","embeddable":true,"href":"https:\/\/pianorolf.pl\/de\/wp-json\/wp\/v2\/product_cat?post=4299"},{"taxonomy":"product_tag","embeddable":true,"href":"https:\/\/pianorolf.pl\/de\/wp-json\/wp\/v2\/product_tag?post=4299"}],"curies":[{"name":"wp","href":"https:\/\/api.w.org\/{rel}","templated":true}]}}