{"id":4146,"date":"2024-07-11T22:53:59","date_gmt":"2024-07-11T22:53:59","guid":{"rendered":"https:\/\/pianorolf.pl\/wordpress\/digital\/"},"modified":"2024-08-07T12:06:33","modified_gmt":"2024-08-07T12:06:33","slug":"digital","status":"publish","type":"page","link":"https:\/\/pianorolf.pl\/de\/digital\/","title":{"rendered":"Digital"},"content":{"rendered":"\t\t<div data-elementor-type=\"wp-page\" data-elementor-id=\"4146\" class=\"elementor elementor-4146 elementor-1449\" data-elementor-post-type=\"page\">\n\t\t\t\t\t\t<section class=\"elementor-section elementor-top-section elementor-element elementor-element-4045f23 elementor-section-full_width elementor-section-height-min-height elementor-section-stretched elementor-section-height-default elementor-section-items-middle\" data-id=\"4045f23\" data-element_type=\"section\" data-e-type=\"section\" data-settings=\"{&quot;stretch_section&quot;:&quot;section-stretched&quot;,&quot;background_background&quot;:&quot;classic&quot;}\">\n\t\t\t\t\t\t<div class=\"elementor-container elementor-column-gap-default\">\n\t\t\t\t\t<div class=\"elementor-column elementor-col-50 elementor-top-column elementor-element elementor-element-287115b\" data-id=\"287115b\" data-element_type=\"column\" data-e-type=\"column\">\n\t\t\t<div class=\"elementor-widget-wrap elementor-element-populated\">\n\t\t\t\t\t\t<div class=\"elementor-element elementor-element-fbf52bd elementor-widget elementor-widget-heading\" data-id=\"fbf52bd\" data-element_type=\"widget\" data-e-type=\"widget\" data-widget_type=\"heading.default\">\n\t\t\t\t<div class=\"elementor-widget-container\">\n\t\t\t\t\t<h1 class=\"elementor-heading-title elementor-size-default\">DIGITAL<\/h1>\t\t\t\t<\/div>\n\t\t\t\t<\/div>\n\t\t\t\t<div class=\"elementor-element elementor-element-ff9d10c elementor-widget elementor-widget-heading\" data-id=\"ff9d10c\" data-element_type=\"widget\" data-e-type=\"widget\" data-widget_type=\"heading.default\">\n\t\t\t\t<div class=\"elementor-widget-container\">\n\t\t\t\t\t<h2 class=\"elementor-heading-title elementor-size-default\">Digitalpianos<\/h2>\t\t\t\t<\/div>\n\t\t\t\t<\/div>\n\t\t\t\t\t<\/div>\n\t\t<\/div>\n\t\t\t\t<div class=\"elementor-column elementor-col-50 elementor-top-column elementor-element elementor-element-14591e8\" data-id=\"14591e8\" data-element_type=\"column\" data-e-type=\"column\">\n\t\t\t<div class=\"elementor-widget-wrap elementor-element-populated\">\n\t\t\t\t\t\t<div class=\"elementor-element elementor-element-2ecae27 elementor-widget elementor-widget-image\" data-id=\"2ecae27\" data-element_type=\"widget\" data-e-type=\"widget\" data-widget_type=\"image.default\">\n\t\t\t\t<div class=\"elementor-widget-container\">\n\t\t\t\t\t\t\t\t\t\t\t\t\t\t\t<img fetchpriority=\"high\" decoding=\"async\" width=\"337\" height=\"277\" src=\"https:\/\/pianorolf.pl\/wp-content\/uploads\/2024\/06\/pianina-cyfrowe-clavinova-yamaha-rzeszow-podkarpackie.png\" class=\"attachment-large size-large wp-image-3172\" alt=\"pianina cyfrowe clavinova yamaha rzeszow-podkarpackie\" srcset=\"https:\/\/pianorolf.pl\/wp-content\/uploads\/2024\/06\/pianina-cyfrowe-clavinova-yamaha-rzeszow-podkarpackie.png 337w, https:\/\/pianorolf.pl\/wp-content\/uploads\/2024\/06\/pianina-cyfrowe-clavinova-yamaha-rzeszow-podkarpackie-200x164.png 200w, https:\/\/pianorolf.pl\/wp-content\/uploads\/2024\/06\/pianina-cyfrowe-clavinova-yamaha-rzeszow-podkarpackie-300x247.png 300w\" sizes=\"(max-width: 337px) 100vw, 337px\" \/>\t\t\t\t\t\t\t\t\t\t\t\t\t\t\t<\/div>\n\t\t\t\t<\/div>\n\t\t\t\t\t<\/div>\n\t\t<\/div>\n\t\t\t\t\t<\/div>\n\t\t<\/section>\n\t\t\t\t<section class=\"elementor-section elementor-top-section elementor-element elementor-element-041ee41 elementor-section-full_width elementor-section-stretched elementor-section-height-default elementor-section-height-default\" data-id=\"041ee41\" data-element_type=\"section\" data-e-type=\"section\" data-settings=\"{&quot;stretch_section&quot;:&quot;section-stretched&quot;}\">\n\t\t\t\t\t\t<div class=\"elementor-container elementor-column-gap-default\">\n\t\t\t\t\t<div class=\"elementor-column elementor-col-50 elementor-top-column elementor-element elementor-element-49c74fa\" data-id=\"49c74fa\" data-element_type=\"column\" data-e-type=\"column\">\n\t\t\t<div class=\"elementor-widget-wrap elementor-element-populated\">\n\t\t\t\t\t\t<div class=\"elementor-element elementor-element-521383e elementor-widget elementor-widget-heading\" data-id=\"521383e\" data-element_type=\"widget\" data-e-type=\"widget\" data-widget_type=\"heading.default\">\n\t\t\t\t<div class=\"elementor-widget-container\">\n\t\t\t\t\t<h1 class=\"elementor-heading-title elementor-size-default\">Yamaha CLAVINOVA \u2013 hergestellt in Japan!<\/h1>\t\t\t\t<\/div>\n\t\t\t\t<\/div>\n\t\t\t\t<div class=\"elementor-element elementor-element-0fad4c0 elementor-widget elementor-widget-heading\" data-id=\"0fad4c0\" data-element_type=\"widget\" data-e-type=\"widget\" data-widget_type=\"heading.default\">\n\t\t\t\t<div class=\"elementor-widget-container\">\n\t\t\t\t\t<h1 class=\"elementor-heading-title elementor-size-default\">Die Preise beginnen bei 2.700 PLN<\/h1>\t\t\t\t<\/div>\n\t\t\t\t<\/div>\n\t\t\t\t<section class=\"elementor-section elementor-inner-section elementor-element elementor-element-acb94b9 elementor-reverse-mobile elementor-section-boxed elementor-section-height-default elementor-section-height-default\" data-id=\"acb94b9\" data-element_type=\"section\" data-e-type=\"section\">\n\t\t\t\t\t\t<div class=\"elementor-container elementor-column-gap-default\">\n\t\t\t\t\t<div class=\"elementor-column elementor-col-50 elementor-inner-column elementor-element elementor-element-b2f1e4a\" data-id=\"b2f1e4a\" data-element_type=\"column\" data-e-type=\"column\">\n\t\t\t<div class=\"elementor-widget-wrap elementor-element-populated\">\n\t\t\t\t\t\t<div class=\"elementor-element elementor-element-eb1b8d6 elementor-widget elementor-widget-text-editor\" data-id=\"eb1b8d6\" data-element_type=\"widget\" data-e-type=\"widget\" data-widget_type=\"text-editor.default\">\n\t\t\t\t<div class=\"elementor-widget-container\">\n\t\t\t\t\t\t\t\t\t<p>Gebrauchte Instrumente &#8211; wie neu. Sie wurden von einer japanischen Firma, die sich um Yamaha-Instrumente k\u00fcmmert, hergestellt und weisen praktisch keine Gebrauchsspuren auf. Nicht einmal der kleinste Kratzer&#8230;<\/p>\n<p>Wir haben eine gro\u00dfe Auswahl an digitalen Instrumenten, die sowohl mehrere Jahre alt als auch j\u00fcnger sind, zu sehr attraktiven Preisen. <\/p>\n\t\t\t\t\t\t\t\t<\/div>\n\t\t\t\t<\/div>\n\t\t\t\t\t<\/div>\n\t\t<\/div>\n\t\t\t\t<div class=\"elementor-column elementor-col-50 elementor-inner-column elementor-element elementor-element-32d9cfa\" data-id=\"32d9cfa\" data-element_type=\"column\" data-e-type=\"column\">\n\t\t\t<div class=\"elementor-widget-wrap elementor-element-populated\">\n\t\t\t\t\t\t<div class=\"elementor-element elementor-element-89bc3c9 elementor-widget elementor-widget-image\" data-id=\"89bc3c9\" data-element_type=\"widget\" data-e-type=\"widget\" data-widget_type=\"image.default\">\n\t\t\t\t<div class=\"elementor-widget-container\">\n\t\t\t\t\t\t\t\t\t\t\t\t\t\t\t<img decoding=\"async\" width=\"290\" height=\"268\" src=\"https:\/\/pianorolf.pl\/wp-content\/uploads\/2020\/09\/cliavinova-logo.png\" class=\"attachment-full size-full wp-image-1740\" alt=\"cliavinova-logo\" srcset=\"https:\/\/pianorolf.pl\/wp-content\/uploads\/2020\/09\/cliavinova-logo.png 290w, https:\/\/pianorolf.pl\/wp-content\/uploads\/2020\/09\/cliavinova-logo-200x185.png 200w, https:\/\/pianorolf.pl\/wp-content\/uploads\/2020\/09\/cliavinova-logo-100x92.png 100w, https:\/\/pianorolf.pl\/wp-content\/uploads\/2020\/09\/cliavinova-logo-150x139.png 150w\" sizes=\"(max-width: 290px) 100vw, 290px\" \/>\t\t\t\t\t\t\t\t\t\t\t\t\t\t\t<\/div>\n\t\t\t\t<\/div>\n\t\t\t\t\t<\/div>\n\t\t<\/div>\n\t\t\t\t\t<\/div>\n\t\t<\/section>\n\t\t\t\t<div class=\"elementor-element elementor-element-11db000 elementor-widget elementor-widget-text-editor\" data-id=\"11db000\" data-element_type=\"widget\" data-e-type=\"widget\" data-widget_type=\"text-editor.default\">\n\t\t\t\t<div class=\"elementor-widget-container\">\n\t\t\t\t\t\t\t\t\t<p>Yamaha Clavinova-Digitalpianos sind meist f\u00fcr die H\u00e4lfte des Neupreises erh\u00e4ltlich, zu dem das Instrument gekauft wurde. Dies ist eine Gelegenheit, ein gutes, sehr gutes und hochwertiges Digitalpiano mit leistungsstarken Funktionen (made in &nbsp;Japan) zum Preis eines billigen Einsteigerpianos aus &nbsp;China oder Indonesien zu erwerben. <br><\/p>\n<p>Die meisten der von uns angebotenen digitalen Instrumente verf\u00fcgen \u00fcber die originale gewichtete 88-Tasten-Tastatur. Pianisten k\u00f6nnen daher auf diesen Instrumenten so \u00fcben, als ob es sich um akustische Klaviere handeln w\u00fcrde, die \u00fcber eine gewichtete, dynamische Tastatur verf\u00fcgen. Mo\u017cliwe jest pod\u0142\u0105czenie do nag\u0142o\u015bnienia, komputera i &nbsp;gra na s\u0142uchawki.<\/p>\n<p>Jedes Klavier wird mit einem 110-230 V Spannungswandler geliefert (da &nbsp;die Instrumente &nbsp;direkt &nbsp;aus&nbsp; Japan importiert werden).<\/p>\n<p style=\"text-align: center;\">Preise von nur 2.700 PLN f\u00fcr Instrumente, die fr\u00fcher fast 6.000 PLN kosteten.<\/p>\n<p style=\"text-align: center;\"><strong>Piano-Rolf gew\u00e4hrt eine Garantie auf elektronische Instrumente.<\/strong><\/p>\t\t\t\t\t\t\t\t<\/div>\n\t\t\t\t<\/div>\n\t\t\t\t\t<\/div>\n\t\t<\/div>\n\t\t\t\t<div class=\"elementor-column elementor-col-50 elementor-top-column elementor-element elementor-element-b56cc16\" data-id=\"b56cc16\" data-element_type=\"column\" data-e-type=\"column\">\n\t\t\t<div class=\"elementor-widget-wrap elementor-element-populated\">\n\t\t\t\t\t\t<div class=\"elementor-element elementor-element-9de64bd elementor-widget elementor-widget-gallery\" data-id=\"9de64bd\" data-element_type=\"widget\" data-e-type=\"widget\" data-settings=\"{&quot;gallery_layout&quot;:&quot;justified&quot;,&quot;ideal_row_height_tablet&quot;:{&quot;unit&quot;:&quot;px&quot;,&quot;size&quot;:250,&quot;sizes&quot;:[]},&quot;ideal_row_height_mobile&quot;:{&quot;unit&quot;:&quot;px&quot;,&quot;size&quot;:250,&quot;sizes&quot;:[]},&quot;ideal_row_height&quot;:{&quot;unit&quot;:&quot;px&quot;,&quot;size&quot;:250,&quot;sizes&quot;:[]},&quot;lazyload&quot;:&quot;yes&quot;,&quot;gap&quot;:{&quot;unit&quot;:&quot;px&quot;,&quot;size&quot;:10,&quot;sizes&quot;:[]},&quot;gap_tablet&quot;:{&quot;unit&quot;:&quot;px&quot;,&quot;size&quot;:10,&quot;sizes&quot;:[]},&quot;gap_mobile&quot;:{&quot;unit&quot;:&quot;px&quot;,&quot;size&quot;:10,&quot;sizes&quot;:[]},&quot;link_to&quot;:&quot;file&quot;,&quot;overlay_background&quot;:&quot;yes&quot;,&quot;content_hover_animation&quot;:&quot;fade-in&quot;}\" data-widget_type=\"gallery.default\">\n\t\t\t\t<div class=\"elementor-widget-container\">\n\t\t\t\t\t\t\t<div class=\"elementor-gallery__container\">\n\t\t\t\t\t\t\t<a class=\"e-gallery-item elementor-gallery-item elementor-animated-content\" href=\"https:\/\/pianorolf.pl\/wp-content\/uploads\/2020\/10\/pianino-YAMAHA-Clavinova-CLP230PE.png\">\n\t\t\t\t\t<div class=\"e-gallery-image elementor-gallery-item__image\" data-thumbnail=\"https:\/\/pianorolf.pl\/wp-content\/uploads\/2020\/10\/pianino-YAMAHA-Clavinova-CLP230PE.png\" data-width=\"510\" data-height=\"320\" aria-label=\"pianino YAMAHA-Clavinova-CLP230PE\" role=\"img\" ><\/div>\n\t\t\t\t\t\t\t\t\t\t\t<div class=\"elementor-gallery-item__overlay\"><\/div>\n\t\t\t\t\t\t\t\t\t\t\t\t\t\t<\/a>\n\t\t\t\t\t\t\t<a class=\"e-gallery-item elementor-gallery-item elementor-animated-content\" href=\"https:\/\/pianorolf.pl\/wp-content\/uploads\/2020\/10\/pianino-YAMAHA-Clavinova-CLP-270.png\">\n\t\t\t\t\t<div class=\"e-gallery-image elementor-gallery-item__image\" data-thumbnail=\"https:\/\/pianorolf.pl\/wp-content\/uploads\/2020\/10\/pianino-YAMAHA-Clavinova-CLP-270.png\" data-width=\"510\" data-height=\"282\" aria-label=\"pianino-YAMAHA-Clavinova-CLP-270\" role=\"img\" ><\/div>\n\t\t\t\t\t\t\t\t\t\t\t<div class=\"elementor-gallery-item__overlay\"><\/div>\n\t\t\t\t\t\t\t\t\t\t\t\t\t\t<\/a>\n\t\t\t\t\t\t\t<a class=\"e-gallery-item elementor-gallery-item elementor-animated-content\" href=\"https:\/\/pianorolf.pl\/wp-content\/uploads\/2015\/05\/baner_clavinova.png\">\n\t\t\t\t\t<div class=\"e-gallery-image elementor-gallery-item__image\" data-thumbnail=\"https:\/\/pianorolf.pl\/wp-content\/uploads\/2015\/05\/baner_clavinova.png\" data-width=\"510\" data-height=\"183\" aria-label=\"\" role=\"img\" ><\/div>\n\t\t\t\t\t\t\t\t\t\t\t<div class=\"elementor-gallery-item__overlay\"><\/div>\n\t\t\t\t\t\t\t\t\t\t\t\t\t\t<\/a>\n\t\t\t\t\t<\/div>\n\t\t\t\t\t<\/div>\n\t\t\t\t<\/div>\n\t\t\t\t\t<\/div>\n\t\t<\/div>\n\t\t\t\t\t<\/div>\n\t\t<\/section>\n\t\t\t\t<\/div>\n\t\t","protected":false},"excerpt":{"rendered":"<p>DIGITAL Digitalpianos Yamaha CLAVINOVA \u2013 hergestellt in Japan! Die Preise beginnen bei 2.700 PLN Gebrauchte Instrumente &#8211; wie neu. Sie wurden von einer japanischen Firma, die sich um Yamaha-Instrumente k\u00fcmmert, hergestellt und weisen praktisch keine Gebrauchsspuren auf. Nicht einmal der kleinste Kratzer&#8230; Wir haben eine gro\u00dfe Auswahl an digitalen Instrumenten, die sowohl mehrere Jahre alt [&hellip;]<\/p>\n","protected":false},"author":1,"featured_media":0,"parent":0,"menu_order":5,"comment_status":"closed","ping_status":"closed","template":"","meta":{"footnotes":""},"class_list":["post-4146","page","type-page","status-publish","czr-hentry"],"_links":{"self":[{"href":"https:\/\/pianorolf.pl\/de\/wp-json\/wp\/v2\/pages\/4146","targetHints":{"allow":["GET"]}}],"collection":[{"href":"https:\/\/pianorolf.pl\/de\/wp-json\/wp\/v2\/pages"}],"about":[{"href":"https:\/\/pianorolf.pl\/de\/wp-json\/wp\/v2\/types\/page"}],"author":[{"embeddable":true,"href":"https:\/\/pianorolf.pl\/de\/wp-json\/wp\/v2\/users\/1"}],"replies":[{"embeddable":true,"href":"https:\/\/pianorolf.pl\/de\/wp-json\/wp\/v2\/comments?post=4146"}],"version-history":[{"count":3,"href":"https:\/\/pianorolf.pl\/de\/wp-json\/wp\/v2\/pages\/4146\/revisions"}],"predecessor-version":[{"id":5164,"href":"https:\/\/pianorolf.pl\/de\/wp-json\/wp\/v2\/pages\/4146\/revisions\/5164"}],"wp:attachment":[{"href":"https:\/\/pianorolf.pl\/de\/wp-json\/wp\/v2\/media?parent=4146"}],"curies":[{"name":"wp","href":"https:\/\/api.w.org\/{rel}","templated":true}]}}