{"id":4129,"date":"2024-07-11T22:02:12","date_gmt":"2024-07-11T22:02:12","guid":{"rendered":"https:\/\/pianorolf.pl\/wordpress\/katalog-von-fluegeln-und-klavieren\/klavier-und-fluegelbaenke\/"},"modified":"2024-08-07T11:14:44","modified_gmt":"2024-08-07T11:14:44","slug":"klavier-und-fluegelbaenke","status":"publish","type":"page","link":"https:\/\/pianorolf.pl\/de\/katalog-von-fluegeln-und-klavieren\/klavier-und-fluegelbaenke\/","title":{"rendered":"B\u00e4nke f\u00fcr Klaviere"},"content":{"rendered":"\t\t<div data-elementor-type=\"wp-page\" data-elementor-id=\"4129\" class=\"elementor elementor-4129 elementor-2999\" data-elementor-post-type=\"page\">\n\t\t\t\t\t\t<section class=\"elementor-section elementor-top-section elementor-element elementor-element-172b3ee elementor-section-full_width elementor-section-height-min-height elementor-section-stretched elementor-section-height-default elementor-section-items-middle\" data-id=\"172b3ee\" data-element_type=\"section\" data-e-type=\"section\" data-settings=\"{&quot;stretch_section&quot;:&quot;section-stretched&quot;,&quot;background_background&quot;:&quot;classic&quot;}\">\n\t\t\t\t\t\t<div class=\"elementor-container elementor-column-gap-default\">\n\t\t\t\t\t<div class=\"elementor-column elementor-col-50 elementor-top-column elementor-element elementor-element-e9c268c\" data-id=\"e9c268c\" data-element_type=\"column\" data-e-type=\"column\">\n\t\t\t<div class=\"elementor-widget-wrap elementor-element-populated\">\n\t\t\t\t\t\t<div class=\"elementor-element elementor-element-58368ed elementor-widget elementor-widget-heading\" data-id=\"58368ed\" data-element_type=\"widget\" data-e-type=\"widget\" data-widget_type=\"heading.default\">\n\t\t\t\t<div class=\"elementor-widget-container\">\n\t\t\t\t\t<h1 class=\"elementor-heading-title elementor-size-default\">KATALOG<\/h1>\t\t\t\t<\/div>\n\t\t\t\t<\/div>\n\t\t\t\t<div class=\"elementor-element elementor-element-05c8688 elementor-widget elementor-widget-theme-post-title elementor-page-title elementor-widget-heading\" data-id=\"05c8688\" data-element_type=\"widget\" data-e-type=\"widget\" data-widget_type=\"theme-post-title.default\">\n\t\t\t\t<div class=\"elementor-widget-container\">\n\t\t\t\t\t<h1 class=\"elementor-heading-title elementor-size-default\">B\u00e4nke f\u00fcr Klaviere<\/h1>\t\t\t\t<\/div>\n\t\t\t\t<\/div>\n\t\t\t\t\t<\/div>\n\t\t<\/div>\n\t\t\t\t<div class=\"elementor-column elementor-col-50 elementor-top-column elementor-element elementor-element-3a16a75\" data-id=\"3a16a75\" data-element_type=\"column\" data-e-type=\"column\">\n\t\t\t<div class=\"elementor-widget-wrap elementor-element-populated\">\n\t\t\t\t\t\t<div class=\"elementor-element elementor-element-fbecf33 elementor-widget elementor-widget-image\" data-id=\"fbecf33\" data-element_type=\"widget\" data-e-type=\"widget\" data-widget_type=\"image.default\">\n\t\t\t\t<div class=\"elementor-widget-container\">\n\t\t\t\t\t\t\t\t\t\t\t\t\t\t\t<img fetchpriority=\"high\" decoding=\"async\" width=\"320\" height=\"280\" src=\"https:\/\/pianorolf.pl\/wp-content\/uploads\/silent\/silent-pianino2.png\" class=\"attachment-large size-large wp-image-1296\" alt=\"silent-pianino ciche cwiczenie na pianinie s\u0142uchawki\" srcset=\"https:\/\/pianorolf.pl\/wp-content\/uploads\/silent\/silent-pianino2.png 320w, https:\/\/pianorolf.pl\/wp-content\/uploads\/silent\/silent-pianino2-200x175.png 200w, https:\/\/pianorolf.pl\/wp-content\/uploads\/silent\/silent-pianino2-300x263.png 300w, https:\/\/pianorolf.pl\/wp-content\/uploads\/silent\/silent-pianino2-100x88.png 100w, https:\/\/pianorolf.pl\/wp-content\/uploads\/silent\/silent-pianino2-150x131.png 150w\" sizes=\"(max-width: 320px) 100vw, 320px\" \/>\t\t\t\t\t\t\t\t\t\t\t\t\t\t\t<\/div>\n\t\t\t\t<\/div>\n\t\t\t\t\t<\/div>\n\t\t<\/div>\n\t\t\t\t\t<\/div>\n\t\t<\/section>\n\t\t\t\t<section class=\"elementor-section elementor-top-section elementor-element elementor-element-6d1d7e3 elementor-section-full_width elementor-section-stretched elementor-section-height-default elementor-section-height-default\" data-id=\"6d1d7e3\" data-element_type=\"section\" data-e-type=\"section\" data-settings=\"{&quot;stretch_section&quot;:&quot;section-stretched&quot;}\">\n\t\t\t\t\t\t<div class=\"elementor-container elementor-column-gap-default\">\n\t\t\t\t\t<div class=\"elementor-column elementor-col-100 elementor-top-column elementor-element elementor-element-b77b2d4\" data-id=\"b77b2d4\" data-element_type=\"column\" data-e-type=\"column\">\n\t\t\t<div class=\"elementor-widget-wrap elementor-element-populated\">\n\t\t\t\t\t\t<section class=\"elementor-section elementor-inner-section elementor-element elementor-element-6c2b0ad elementor-section-full_width elementor-section-height-default elementor-section-height-default\" data-id=\"6c2b0ad\" data-element_type=\"section\" data-e-type=\"section\">\n\t\t\t\t\t\t<div class=\"elementor-container elementor-column-gap-default\">\n\t\t\t\t\t<div class=\"elementor-column elementor-col-50 elementor-inner-column elementor-element elementor-element-5824623\" data-id=\"5824623\" data-element_type=\"column\" data-e-type=\"column\">\n\t\t\t<div class=\"elementor-widget-wrap elementor-element-populated\">\n\t\t\t\t\t\t<div class=\"elementor-element elementor-element-762a4aa elementor-widget elementor-widget-heading\" data-id=\"762a4aa\" data-element_type=\"widget\" data-e-type=\"widget\" data-widget_type=\"heading.default\">\n\t\t\t\t<div class=\"elementor-widget-container\">\n\t\t\t\t\t<h2 class=\"elementor-heading-title elementor-size-default\">Uniwersalne \u0142awy do pianin i &nbsp;fortepian\u00f3w <\/h2>\t\t\t\t<\/div>\n\t\t\t\t<\/div>\n\t\t\t\t\t<\/div>\n\t\t<\/div>\n\t\t\t\t<div class=\"elementor-column elementor-col-50 elementor-inner-column elementor-element elementor-element-23e6ed1\" data-id=\"23e6ed1\" data-element_type=\"column\" data-e-type=\"column\">\n\t\t\t<div class=\"elementor-widget-wrap elementor-element-populated\">\n\t\t\t\t\t\t<div class=\"elementor-element elementor-element-c47627c elementor-widget elementor-widget-heading\" data-id=\"c47627c\" data-element_type=\"widget\" data-e-type=\"widget\" data-widget_type=\"heading.default\">\n\t\t\t\t<div class=\"elementor-widget-container\">\n\t\t\t\t\t<h2 class=\"elementor-heading-title elementor-size-default\"><a href=\"https:\/\/allegro.pl\/uzytkownik\/pianorolf\" target=\"_blank\" rel=\"noopener\">Auch aktuelles Angebot auf unserem Allegro \u2013 Schauen Sie vorbei!<\/a><\/h2>\t\t\t\t<\/div>\n\t\t\t\t<\/div>\n\t\t\t\t\t<\/div>\n\t\t<\/div>\n\t\t\t\t\t<\/div>\n\t\t<\/section>\n\t\t\t\t<div class=\"elementor-element elementor-element-2761eb9 elementor-widget elementor-widget-text-editor\" data-id=\"2761eb9\" data-element_type=\"widget\" data-e-type=\"widget\" data-widget_type=\"text-editor.default\">\n\t\t\t\t<div class=\"elementor-widget-container\">\n\t\t\t\t\t\t\t\t\t<p>Universelle und stabile Klavierb\u00e4nke f\u00fcr die meisten Instrumente auf dem Markt. Piano Rolf bietet Klavierb\u00e4nke in allen Holzfarben an.<\/p>\n\t\t\t\t\t\t\t\t<\/div>\n\t\t\t\t<\/div>\n\t\t\t\t\t<\/div>\n\t\t<\/div>\n\t\t\t\t\t<\/div>\n\t\t<\/section>\n\t\t\t\t<section class=\"elementor-section elementor-top-section elementor-element elementor-element-85fe327 elementor-section-full_width elementor-section-stretched elementor-section-height-default elementor-section-height-default\" data-id=\"85fe327\" data-element_type=\"section\" data-e-type=\"section\" data-settings=\"{&quot;stretch_section&quot;:&quot;section-stretched&quot;}\">\n\t\t\t\t\t\t<div class=\"elementor-container elementor-column-gap-default\">\n\t\t\t\t\t<div class=\"elementor-column elementor-col-100 elementor-top-column elementor-element elementor-element-456765b\" data-id=\"456765b\" data-element_type=\"column\" data-e-type=\"column\">\n\t\t\t<div class=\"elementor-widget-wrap elementor-element-populated\">\n\t\t\t\t\t\t<div class=\"elementor-element elementor-element-830c3c9 elementor-product-loop-item--align-center elementor-grid-mobile-1 elementor-grid-5 elementor-grid-tablet-3 elementor-products-grid elementor-wc-products elementor-show-pagination-border-yes elementor-widget elementor-widget-woocommerce-products\" data-id=\"830c3c9\" data-element_type=\"widget\" data-e-type=\"widget\" data-widget_type=\"woocommerce-products.default\">\n\t\t\t\t<div class=\"elementor-widget-container\">\n\t\t\t\t\t<div class=\"woocommerce columns-5 \"><div class=\"woocommerce-notices-wrapper\"><\/div><ul class=\"products elementor-grid columns-5\">\n<li class=\"czr-hentry product type-product post-4964 status-publish first instock product_cat-klavier-und-fluegelbaenke has-post-thumbnail shipping-taxable purchasable product-type-simple\">\n\t<a href=\"https:\/\/pianorolf.pl\/de\/katalog\/klavierbank-kirsche-satiniert\/\" class=\"woocommerce-LoopProduct-link woocommerce-loop-product__link\"><img decoding=\"async\" width=\"300\" height=\"200\" src=\"https:\/\/pianorolf.pl\/wp-content\/uploads\/2024\/07\/1-Lawa-wisnia-satin-do-pianina-300x200.png\" class=\"attachment-woocommerce_thumbnail size-woocommerce_thumbnail\" alt=\"1-\u0141awa wi\u015bnia satin do pianina\" \/><h2 class=\"woocommerce-loop-product__title\">Klavierbank, Kirsche satiniert<\/h2>\n\t<span class=\"price\"><span class=\"woocommerce-Price-amount amount\"><bdi>495&nbsp;<span class=\"woocommerce-Price-currencySymbol\">&#122;&#322;<\/span><\/bdi><\/span><\/span>\n<\/a><\/li>\n<li class=\"czr-hentry product type-product post-4961 status-publish instock product_cat-klavier-und-fluegelbaenke has-post-thumbnail shipping-taxable purchasable product-type-simple\">\n\t<a href=\"https:\/\/pianorolf.pl\/de\/katalog\/klavierbank-mahagoni-satiniert\/\" class=\"woocommerce-LoopProduct-link woocommerce-loop-product__link\"><img decoding=\"async\" width=\"300\" height=\"200\" src=\"https:\/\/pianorolf.pl\/wp-content\/uploads\/2024\/07\/1-Lawa-mahon-satin-do-pianina-kolory-300x200.png\" class=\"attachment-woocommerce_thumbnail size-woocommerce_thumbnail\" alt=\"PIANOROLF proponuje swoje nowe, ekonomiczne, dobrej jako\u015bci, stabilne \u0142awki do pianin, fortepian\u00f3w we wszystkich kolorach drewna. Siedziska s\u0105 drewniane z przyjemnym siedziskiem, bardzo wygodne z regulacj\u0105 wysoko\u015bci.\" \/><h2 class=\"woocommerce-loop-product__title\">Klavierbank, Mahagoni satiniert<\/h2>\n\t<span class=\"price\"><span class=\"woocommerce-Price-amount amount\"><bdi>495&nbsp;<span class=\"woocommerce-Price-currencySymbol\">&#122;&#322;<\/span><\/bdi><\/span><\/span>\n<\/a><\/li>\n<\/ul>\n<\/div>\t\t\t\t<\/div>\n\t\t\t\t<\/div>\n\t\t\t\t<div class=\"elementor-element elementor-element-0dcbd50 elementor-widget elementor-widget-heading\" data-id=\"0dcbd50\" data-element_type=\"widget\" data-e-type=\"widget\" data-widget_type=\"heading.default\">\n\t\t\t\t<div class=\"elementor-widget-container\">\n\t\t\t\t\t<p class=\"elementor-heading-title elementor-size-default\">Dieses Angebot stellt kein kommerzielles Angebot im Sinne des Gesetzes dar und die angegebenen Preise sind nur Richtwerte.<\/p>\t\t\t\t<\/div>\n\t\t\t\t<\/div>\n\t\t\t\t\t<\/div>\n\t\t<\/div>\n\t\t\t\t\t<\/div>\n\t\t<\/section>\n\t\t\t\t<\/div>\n\t\t","protected":false},"excerpt":{"rendered":"<p>KATALOG Uniwersalne \u0142awy do pianin i &nbsp;fortepian\u00f3w Auch aktuelles Angebot auf unserem Allegro \u2013 Schauen Sie vorbei! Universelle und stabile Klavierb\u00e4nke f\u00fcr die meisten Instrumente auf dem Markt. Piano Rolf bietet Klavierb\u00e4nke in allen Holzfarben an. Dieses Angebot stellt kein kommerzielles Angebot im Sinne des Gesetzes dar und die angegebenen Preise sind nur Richtwerte.<\/p>\n","protected":false},"author":1,"featured_media":0,"parent":4116,"menu_order":4,"comment_status":"closed","ping_status":"closed","template":"","meta":{"footnotes":""},"class_list":["post-4129","page","type-page","status-publish","czr-hentry"],"_links":{"self":[{"href":"https:\/\/pianorolf.pl\/de\/wp-json\/wp\/v2\/pages\/4129","targetHints":{"allow":["GET"]}}],"collection":[{"href":"https:\/\/pianorolf.pl\/de\/wp-json\/wp\/v2\/pages"}],"about":[{"href":"https:\/\/pianorolf.pl\/de\/wp-json\/wp\/v2\/types\/page"}],"author":[{"embeddable":true,"href":"https:\/\/pianorolf.pl\/de\/wp-json\/wp\/v2\/users\/1"}],"replies":[{"embeddable":true,"href":"https:\/\/pianorolf.pl\/de\/wp-json\/wp\/v2\/comments?post=4129"}],"version-history":[{"count":6,"href":"https:\/\/pianorolf.pl\/de\/wp-json\/wp\/v2\/pages\/4129\/revisions"}],"predecessor-version":[{"id":5151,"href":"https:\/\/pianorolf.pl\/de\/wp-json\/wp\/v2\/pages\/4129\/revisions\/5151"}],"up":[{"embeddable":true,"href":"https:\/\/pianorolf.pl\/de\/wp-json\/wp\/v2\/pages\/4116"}],"wp:attachment":[{"href":"https:\/\/pianorolf.pl\/de\/wp-json\/wp\/v2\/media?parent=4129"}],"curies":[{"name":"wp","href":"https:\/\/api.w.org\/{rel}","templated":true}]}}